{"id":10436,"date":"2023-08-21T17:46:24","date_gmt":"2023-08-21T17:46:24","guid":{"rendered":"https:\/\/globalempresaria.com\/app\/?page_id=10436"},"modified":"2025-09-02T21:28:07","modified_gmt":"2025-09-02T21:28:07","slug":"ospm","status":"publish","type":"page","link":"https:\/\/globalempresaria.com\/app\/ospm\/","title":{"rendered":"ospm"},"content":{"rendered":"\n<div class=\"wp-block-cover alignfull is-light has-parallax has-custom-content-position is-position-top-left\" style=\"min-height:650px;aspect-ratio:unset;\"><div class=\"wp-block-cover__image-background wp-image-10889 has-parallax\" style=\"background-position:50% 50%;background-image:url(https:\/\/globalempresaria.com\/app\/wp-content\/uploads\/2023\/09\/ospm.jpg)\"><\/div><span aria-hidden=\"true\" class=\"wp-block-cover__background has-background-dim-0 has-background-dim\"><\/span><div class=\"wp-block-cover__inner-container is-layout-flow wp-block-cover-is-layout-flow\">\n<div class=\"wp-block-columns are-vertically-aligned-center is-layout-flex wp-container-core-columns-is-layout-28f84493 wp-block-columns-is-layout-flex\">\n<div class=\"wp-block-column is-vertically-aligned-center is-layout-flow wp-block-column-is-layout-flow\">\n<div class=\"wp-block-group has-ast-global-color-0-background-color has-background is-layout-flow wp-block-group-is-layout-flow\">\n<h1 class=\"wp-block-heading has-text-color has-x-large-font-size\" style=\"color:#00a8e1;font-style:normal;font-weight:900\">OSPM<\/h1>\n\n\n\n<p class=\"has-white-color has-text-color has-background\" style=\"background-color:#00a8e1;font-size:16px;font-style:normal;font-weight:500\">Con una extensa red de prestadores en 6 provincias del NEA (Chaco, Corrientes, Formosa, Entre R\u00edos, Misiones y Santa Fe), brindamos atenci\u00f3n ambulatoria e internaciones a m\u00e1s de 10 mil (+10000) afiliados a la Obra Social del Personal Mar\u00edtimo. La confianza en nuestro criterio de gesti\u00f3n m\u00e9dico-administrativo garantizan la calidad de atenci\u00f3n de los afiliados en tiempo y forma con altos est\u00e1ndares de efectividad de relaci\u00f3n costo-beneficio, y contacto permanente con los beneficiarios y prestadores.<\/p>\n<\/div>\n<\/div>\n\n\n\n<div class=\"wp-block-column is-vertically-aligned-center is-layout-flow wp-block-column-is-layout-flow\"><\/div>\n<\/div>\n<\/div><\/div>\n\n\n\n<div class=\"wp-block-group alignfull has-background is-layout-flow wp-block-group-is-layout-flow\" style=\"background-color:#03273b\">\n<div class=\"wp-block-columns alignwide are-vertically-aligned-center is-layout-flex wp-container-core-columns-is-layout-28f84493 wp-block-columns-is-layout-flex\">\n<div class=\"wp-block-column is-vertically-aligned-center is-layout-flow wp-block-column-is-layout-flow\">\n<h3 class=\"wp-block-heading has-text-color has-medium-font-size\" style=\"color:#ffffff\">OSPM: la obra social en n\u00fameros \/ Rnos. 1-1180-3<\/h3>\n<\/div>\n\n\n\n<div class=\"wp-block-column is-vertically-aligned-center is-layout-flow wp-block-column-is-layout-flow\">\n<h2 class=\"wp-block-heading has-text-align-center has-text-color\" style=\"color:#ffffff\">10000+<\/h2>\n\n\n\n<p class=\"has-text-align-center has-text-color\" style=\"color:#d7d7d7\">Afiliados en Argentina<\/p>\n<\/div>\n\n\n\n<div class=\"wp-block-column is-vertically-aligned-center is-layout-flow wp-block-column-is-layout-flow\">\n<h2 class=\"wp-block-heading has-text-align-center has-text-color\" style=\"color:#ffffff\">1000+<\/h2>\n\n\n\n<p class=\"has-text-align-center has-text-color\" style=\"color:#d7d7d7\">Centros de atenci\u00f3n<\/p>\n<\/div>\n\n\n\n<div class=\"wp-block-column is-vertically-aligned-center is-layout-flow wp-block-column-is-layout-flow\">\n<h2 class=\"wp-block-heading has-text-align-center has-text-color\" style=\"color:#ffffff\">6000+<\/h2>\n\n\n\n<p class=\"has-text-align-center has-text-color\" style=\"color:#d7d7d7\">Prestadores en el pa\u00eds<\/p>\n<\/div>\n<\/div>\n<\/div>\n\n\n\n<h2 class=\"wp-block-heading\">Consult\u00e1 el padr\u00f3n de prestadores de OSPM en el pa\u00eds:<\/h2>\n\n\n\n\n<div class=\"wp-block-buttons is-layout-flex wp-block-buttons-is-layout-flex\">\n<div class=\"wp-block-frm-modal-button wp-block-button\"><a data-toggle=\"modal\" data-bs-toggle=\"modal\" data-target=\"#frm-modal-0\" data-bs-target=\"#frm-modal-0\" class=\"wp-block-frm-modal-button__link wp-block-button__link wp-element-button\">Click aqui para buscar por especialidad, localidad y provincia<\/a><\/div>\n<\/div>\n\n\n\n\n\n\n<p><\/p>\n\n\n\n<div class=\"wp-block-uagb-container uagb-block-fa878973 alignfull uagb-is-root-container\"><div class=\"uagb-container-inner-blocks-wrap\"><\/div><\/div>\n\n\n\n<p><\/p>\n\n\n\n<ul class=\"wp-block-social-links is-layout-flex wp-block-social-links-is-layout-flex\"><\/ul>\n\n\n\n<ul class=\"wp-block-social-links is-layout-flex wp-block-social-links-is-layout-flex\"><\/ul>\n\n\n\n<div class=\"wp-block-uagb-container uagb-block-03e508ad alignfull uagb-is-root-container\">\n<div class=\"wp-block-uagb-container uagb-block-e4398ed3\">\n<div class=\"wp-block-uagb-advanced-heading uagb-block-bc0af575\"><h1 class=\"uagb-heading-text\">Preguntas Frecuentes<\/h1><p class=\"uagb-desc-text\">respondemos tus inquietudes<\/p><\/div>\n<\/div>\n\n\n\n<div class=\"wp-block-uagb-container uagb-block-30c77730\">\n<div class=\"wp-block-uagb-info-box uagb-block-fa964402 uagb-infobox__content-wrap  uagb-infobox-icon-above-title uagb-infobox-image-valign-top\"><div class=\"uagb-ifb-content\"><div class=\"uagb-ifb-title-wrap\"><h3 class=\"uagb-ifb-title\"><strong><strong>Ante una urgencia m\u00e9dica, \u00bfcon qui\u00e9n debo comunicarme<\/strong>?<\/strong><\/h3><\/div><p class=\"uagb-ifb-desc\">Con EMERGER al 08107778733.<\/p><\/div><\/div>\n\n\n\n<div class=\"wp-block-uagb-info-box uagb-block-22c68e03 uagb-infobox__content-wrap  uagb-infobox-icon-above-title uagb-infobox-image-valign-top\"><div class=\"uagb-ifb-content\"><div class=\"uagb-ifb-title-wrap\"><h3 class=\"uagb-ifb-title\"><strong><strong>\u00bfD\u00f3nde puedo consultar la red de prestadores?<\/strong><\/strong><\/h3><\/div><p class=\"uagb-ifb-desc\">Haciendo clic aqu\u00ed, podr\u00e1s descargar la cartilla completa de prestadores de nuestra red en formato PDF, y adem\u00e1s en esta misma p\u00e1gina cont\u00e1s con un buscador por especialidad y localidad.<\/p><\/div><\/div>\n\n\n\n<div class=\"wp-block-uagb-info-box uagb-block-4fdf680a uagb-infobox__content-wrap  uagb-infobox-icon-above-title uagb-infobox-image-valign-top\"><div class=\"uagb-ifb-content\"><div class=\"uagb-ifb-title-wrap\"><h3 class=\"uagb-ifb-title\"><strong><strong>\u00bfCu\u00e1nto tiempo de validez tiene una orden m\u00e9dica?<\/strong><\/strong><\/h3><\/div><p class=\"uagb-ifb-desc\">30 d\u00edas desde la fecha de prescripci\u00f3n.<\/p><\/div><\/div>\n\n\n\n<div class=\"wp-block-uagb-info-box uagb-block-88de1f25 uagb-infobox__content-wrap  uagb-infobox-icon-above-title uagb-infobox-image-valign-top\"><div class=\"uagb-ifb-content\"><div class=\"uagb-ifb-title-wrap\"><h3 class=\"uagb-ifb-title\"><strong><strong>\u00bfC\u00f3mo puedo gestionar una autorizaci\u00f3n?<\/strong><\/strong><\/h3><\/div><p class=\"uagb-ifb-desc\">Podes llamar o dirigirte a tu delegaci\u00f3n m\u00e1s cercana, donde recibir\u00e1s el asesoramiento adecuado a la prestaci\u00f3n indicada por tu m\u00e9dico.<\/p><\/div><\/div>\n\n\n\n<div class=\"wp-block-uagb-info-box uagb-block-62c77bfe uagb-infobox__content-wrap  uagb-infobox-icon-above-title uagb-infobox-image-valign-top\"><div class=\"uagb-ifb-content\"><div class=\"uagb-ifb-title-wrap\"><h3 class=\"uagb-ifb-title\"><strong><strong>\u00bfC\u00f3mo se tramita un reintegro?<\/strong><\/strong><\/h3><\/div><p class=\"uagb-ifb-desc\">Comun\u00edcate con tu delegaci\u00f3n m\u00e1s cercana, all\u00ed te asesorar\u00e1n respecto a la documentaci\u00f3n a presentar dependiendo del tipo de prestaci\u00f3n brindada.<\/p><\/div><\/div>\n\n\n\n<div class=\"wp-block-uagb-info-box uagb-block-f76913b3 uagb-infobox__content-wrap  uagb-infobox-icon-above-title uagb-infobox-image-valign-top\"><div class=\"uagb-ifb-content\"><div class=\"uagb-ifb-title-wrap\"><h3 class=\"uagb-ifb-title\"><strong><strong>\u00bfC\u00f3mo proceder para una cirug\u00eda programada?<\/strong><\/strong><\/h3><\/div><p class=\"uagb-ifb-desc\">De manera presencial, deber\u00e1 presentar la orden de internaci\u00f3n del m\u00e9dico, estudios previos relacionados a la misma e historia cl\u00ednica para que sea evaluado por nuestra auditor\u00eda.<\/p><\/div><\/div>\n<\/div>\n<\/div>\n\n\n\n<div class=\"wp-block-uagb-container uagb-block-e478ce16 alignfull uagb-is-root-container\"><div class=\"uagb-container-inner-blocks-wrap\">\n<div class=\"wp-block-uagb-container uagb-block-d50fcfc5\">\n<div class=\"wp-block-uagb-advanced-heading uagb-block-b7ec9af3\"><h2 class=\"uagb-heading-text\"><img loading=\"lazy\" decoding=\"async\" width=\"150\" height=\"45\" class=\"wp-image-61\" style=\"width: 150px;\" src=\"https:\/\/globalempresaria.com\/app\/wp-content\/uploads\/2021\/06\/logoge.png\" alt=\"\" srcset=\"https:\/\/globalempresaria.com\/app\/wp-content\/uploads\/2021\/06\/logoge.png 337w, https:\/\/globalempresaria.com\/app\/wp-content\/uploads\/2021\/06\/logoge-300x89.png 300w\" sizes=\"auto, (max-width: 150px) 100vw, 150px\" \/><\/h2><p class=\"uagb-desc-text\">Somos una empresa de servicios multidisciplinarios y de salud, cuya misi\u00f3n es crear valor y contribuir al desarrollo sostenible de la sociedad, las organizaciones y poniendo especial \u00e9nfasis en las personas.<br>Estamos cerca de nuestros clientes y nos comprometemos con ellos.<br><br><strong>Contacto<\/strong><br>Email:<br><a href=\"mailto:info@globalempresaria.com\" data-type=\"mailto\" data-id=\"mailto:info@globalempresaria.com\">info@globalempresaria.com<\/a><br><br><a href=\"https:\/\/goo.gl\/maps\/3u9gsiKDv27SrnQdA\" target=\"_blank\" rel=\"noreferrer noopener\">Avenida Carlos Pellegrini 1291 &#8211; Piso 1<br>S2000BTM &#8211; Rosario &#8211; Santa Fe &#8211; Argentina<\/a><br><br>Telefono:<br><a href=\"tel:08107772571\">0810 777 2571<\/a><br><br><a href=\"https:\/\/goo.gl\/maps\/Lh1y8EVho8NfoFtJ6\" target=\"_blank\" rel=\"noreferrer noopener\">Avenida Ingeniero Huergo 949 &#8211; Piso 8<br>C1107AOJ &#8211; Capital Federal &#8211; Argentina<\/a><br><br>Telefono:<br><a href=\"tel:01170901881\">+54 11 7090 1881<\/a><\/p><\/div>\n<\/div>\n\n\n\n<div class=\"wp-block-uagb-container uagb-block-7b12a692\">\n<div class=\"wp-block-columns is-layout-flex wp-container-core-columns-is-layout-28f84493 wp-block-columns-is-layout-flex\">\n<div class=\"wp-block-column is-layout-flow wp-block-column-is-layout-flow\" style=\"flex-basis:100%\">\t\t\t<div \n\t\t\tclass=\"wp-block-uagb-google-map uagb-google-map__wrap uagb-block-3710c01c     \"\n\t\t\tstyle=\"\" >\n\t\t\t\t<embed\n\t\t\t\t\tclass=\"uagb-google-map__iframe\"\n\t\t\t\t\ttitle=\"Mapa de Google de\"\n\t\t\t\t\tsrc=\"https:\/\/maps.google.com\/maps?q=Avenida%20Carlos%20Pellegrini%201291%2C%20Rosario%2C%20Argentina&#038;z=14&#038;hl=es&#038;t=m&#038;output=embed&#038;iwloc=near\"\n\t\t\t\t\twidth=\"640\"\n\t\t\t\t\theight=\"450\"\n\t\t\t\t\tloading=\"lazy\"\n\t\t\t\t><\/embed>\n\t\t\t<\/div>\n\t\t\t<\/div>\n<\/div>\n<\/div>\n<\/div><\/div>\n\n\n\n<ul class=\"wp-block-social-links is-layout-flex wp-block-social-links-is-layout-flex\"><\/ul>\n\n\n\n<div class=\"wp-block-uagb-container uagb-block-f9fd1d2c alignfull uagb-is-root-container\"><div class=\"uagb-container-inner-blocks-wrap\"><\/div><\/div>\n","protected":false},"excerpt":{"rendered":"<p>OSPM: la obra social en n\u00fameros \/ Rnos. 1-1180-3 10000+ Afiliados en Argentina 1000+ Centros de atenci\u00f3n 6000+ Prestadores en el pa\u00eds Consult\u00e1 el padr\u00f3n de prestadores de OSPM en el pa\u00eds: Preguntas Frecuentes respondemos tus inquietudes Somos una empresa de servicios multidisciplinarios y de salud, cuya misi\u00f3n es crear valor y contribuir al desarrollo [&hellip;]<\/p>\n","protected":false},"author":2,"featured_media":0,"parent":0,"menu_order":0,"comment_status":"closed","ping_status":"closed","template":"","meta":{"_uag_custom_page_level_css":"","site-sidebar-layout":"no-sidebar","site-content-layout":"plain-container","ast-site-content-layout":"normal-width-container","site-content-style":"unboxed","site-sidebar-style":"unboxed","ast-global-header-display":"","ast-banner-title-visibility":"","ast-main-header-display":"","ast-hfb-above-header-display":"","ast-hfb-below-header-display":"","ast-hfb-mobile-header-display":"disabled","site-post-title":"disabled","ast-breadcrumbs-content":"disabled","ast-featured-img":"disabled","footer-sml-layout":"","ast-disable-related-posts":"","theme-transparent-header-meta":"default","adv-header-id-meta":"","stick-header-meta":"","header-above-stick-meta":"","header-main-stick-meta":"","header-below-stick-meta":"","astra-migrate-meta-layouts":"set","ast-page-background-enabled":"default","ast-page-background-meta":{"desktop":{"background-color":"var(--ast-global-color-4)","background-image":"","background-repeat":"repeat","background-position":"center center","background-size":"auto","background-attachment":"scroll","background-type":"","background-media":"","overlay-type":"","overlay-color":"","overlay-opacity":"","overlay-gradient":""},"tablet":{"background-color":"","background-image":"","background-repeat":"repeat","background-position":"center center","background-size":"auto","background-attachment":"scroll","background-type":"","background-media":"","overlay-type":"","overlay-color":"","overlay-opacity":"","overlay-gradient":""},"mobile":{"background-color":"","background-image":"","background-repeat":"repeat","background-position":"center center","background-size":"auto","background-attachment":"scroll","background-type":"","background-media":"","overlay-type":"","overlay-color":"","overlay-opacity":"","overlay-gradient":""}},"ast-content-background-meta":{"desktop":{"background-color":"var(--ast-global-color-5)","background-image":"","background-repeat":"repeat","background-position":"center center","background-size":"auto","background-attachment":"scroll","background-type":"","background-media":"","overlay-type":"","overlay-color":"","overlay-opacity":"","overlay-gradient":""},"tablet":{"background-color":"var(--ast-global-color-5)","background-image":"","background-repeat":"repeat","background-position":"center center","background-size":"auto","background-attachment":"scroll","background-type":"","background-media":"","overlay-type":"","overlay-color":"","overlay-opacity":"","overlay-gradient":""},"mobile":{"background-color":"var(--ast-global-color-5)","background-image":"","background-repeat":"repeat","background-position":"center center","background-size":"auto","background-attachment":"scroll","background-type":"","background-media":"","overlay-type":"","overlay-color":"","overlay-opacity":"","overlay-gradient":""}},"footnotes":""},"class_list":["post-10436","page","type-page","status-publish","hentry"],"uagb_featured_image_src":{"full":false,"thumbnail":false,"medium":false,"medium_large":false,"large":false,"1536x1536":false,"2048x2048":false},"uagb_author_info":{"display_name":"c2061071","author_link":"https:\/\/globalempresaria.com\/app\/author\/c2061071\/"},"uagb_comment_info":0,"uagb_excerpt":"OSPM: la obra social en n\u00fameros \/ Rnos. 1-1180-3 10000+ Afiliados en Argentina 1000+ Centros de atenci\u00f3n 6000+ Prestadores en el pa\u00eds Consult\u00e1 el padr\u00f3n de prestadores de OSPM en el pa\u00eds: Preguntas Frecuentes respondemos tus inquietudes Somos una empresa de servicios multidisciplinarios y de salud, cuya misi\u00f3n es crear valor y contribuir al desarrollo&hellip;","_links":{"self":[{"href":"https:\/\/globalempresaria.com\/app\/wp-json\/wp\/v2\/pages\/10436","targetHints":{"allow":["GET"]}}],"collection":[{"href":"https:\/\/globalempresaria.com\/app\/wp-json\/wp\/v2\/pages"}],"about":[{"href":"https:\/\/globalempresaria.com\/app\/wp-json\/wp\/v2\/types\/page"}],"author":[{"embeddable":true,"href":"https:\/\/globalempresaria.com\/app\/wp-json\/wp\/v2\/users\/2"}],"replies":[{"embeddable":true,"href":"https:\/\/globalempresaria.com\/app\/wp-json\/wp\/v2\/comments?post=10436"}],"version-history":[{"count":21,"href":"https:\/\/globalempresaria.com\/app\/wp-json\/wp\/v2\/pages\/10436\/revisions"}],"predecessor-version":[{"id":24025,"href":"https:\/\/globalempresaria.com\/app\/wp-json\/wp\/v2\/pages\/10436\/revisions\/24025"}],"wp:attachment":[{"href":"https:\/\/globalempresaria.com\/app\/wp-json\/wp\/v2\/media?parent=10436"}],"curies":[{"name":"wp","href":"https:\/\/api.w.org\/{rel}","templated":true}]}}