{"id":20187,"date":"2025-02-24T23:22:35","date_gmt":"2025-02-24T23:22:35","guid":{"rendered":"https:\/\/globalempresaria.com\/app\/?page_id=20187"},"modified":"2025-09-02T21:29:53","modified_gmt":"2025-09-02T21:29:53","slug":"reintegros","status":"publish","type":"page","link":"https:\/\/globalempresaria.com\/app\/reintegros\/","title":{"rendered":"reintegros"},"content":{"rendered":"\n<div class=\"wp-block-cover alignfull is-light has-parallax\" style=\"min-height:647px;aspect-ratio:unset;\"><div class=\"wp-block-cover__image-background wp-image-8435 has-parallax\" style=\"background-position:50% 50%;background-image:url(https:\/\/globalempresaria.com\/app\/wp-content\/uploads\/2023\/03\/autorizaciones.jpg)\"><\/div><span aria-hidden=\"true\" class=\"wp-block-cover__background has-background-dim-0 has-background-dim\"><\/span><div class=\"wp-block-cover__inner-container is-layout-flow wp-block-cover-is-layout-flow\">\n<div class=\"wp-block-columns are-vertically-aligned-center is-layout-flex wp-container-core-columns-is-layout-28f84493 wp-block-columns-is-layout-flex\">\n<div class=\"wp-block-column is-vertically-aligned-center is-layout-flow wp-block-column-is-layout-flow\">\n<div class=\"wp-block-group has-ast-global-color-0-background-color has-background is-layout-flow wp-block-group-is-layout-flow\">\n<div class=\"wp-block-buttons is-horizontal is-content-justification-center is-layout-flex wp-container-core-buttons-is-layout-852fb311 wp-block-buttons-is-layout-flex\" style=\"border-style:none;border-width:0px;border-radius:0px;margin-top:0;margin-bottom:0;padding-top:var(--wp--preset--spacing--50);padding-right:0;padding-bottom:var(--wp--preset--spacing--50);padding-left:0\">\n<div class=\"wp-block-button has-custom-width wp-block-button__width-75\"><a class=\"wp-block-button__link has-vivid-cyan-blue-background-color has-background wp-element-button\" href=\"https:\/\/globalempresaria.com\/documentacion\/Instructivo_para_solicitud_de_reintegros.pdf\" style=\"border-radius:50px\" target=\"_blank\" rel=\"noreferrer noopener\">Instructivo para la solicitud de reintegros<\/a><\/div>\n<\/div>\n<\/div>\n<\/div>\n\n\n\n<div class=\"wp-block-column is-vertically-aligned-center has-ast-global-color-5-background-color has-background is-layout-flow wp-container-core-column-is-layout-9f862740 wp-block-column-is-layout-flow\" style=\"border-style:none;border-width:0px;border-radius:0px;padding-top:0;padding-right:var(--wp--preset--spacing--40);padding-bottom:0;padding-left:var(--wp--preset--spacing--40);flex-basis:600px\">\n<div class=\"wp-block-group has-white-background-color has-background is-layout-flow wp-block-group-is-layout-flow\">\n<h1 class=\"wp-block-heading has-text-color has-x-large-font-size\" style=\"color:#00a8e1;font-style:normal;font-weight:500\">Solicitud de reintegros<\/h1>\n\n\n<div class=\"frm_forms  with_frm_style frm_style_estilos-formidable\" id=\"frm_form_40_container\" data-token=\"0e761848c75620442b536605638dcd0a\">\n<form enctype=\"multipart\/form-data\" method=\"post\" class=\"frm-show-form  frm_pro_form \" id=\"form_reintegros\" data-token=\"0e761848c75620442b536605638dcd0a\">\n<div class=\"frm_form_fields \">\n<fieldset>\n<legend class=\"frm_screen_reader\">reintegros<\/legend>\r\n\r\n<div class=\"frm_fields_container\">\n<input type=\"hidden\" name=\"frm_action\" value=\"create\" \/>\n<input type=\"hidden\" name=\"form_id\" value=\"40\" \/>\n<input type=\"hidden\" name=\"frm_hide_fields_40\" id=\"frm_hide_fields_40\" value=\"\" \/>\n<input type=\"hidden\" name=\"form_key\" value=\"reintegros\" \/>\n<input type=\"hidden\" name=\"item_meta[0]\" value=\"\" \/>\n<input type=\"hidden\" id=\"frm_submit_entry_40\" name=\"frm_submit_entry_40\" value=\"72209f8f71\" \/><input type=\"hidden\" name=\"_wp_http_referer\" value=\"\/app\/wp-json\/wp\/v2\/pages\/20187\" \/><div id=\"frm_field_289_container\" class=\"frm_form_field form-field  frm_required_field form-group frm_top_container\">\r\n\t<div  id=\"field_vfiag_label\" class=\"frm_primary_label col-form-label form-label\">Nombre y Apellido Beneficiario\r\n\t\t<span class=\"frm_required\" aria-hidden=\"true\">*<\/span>\r\n\t<\/div>\r\n\t<fieldset aria-labelledby=\"field_vfiag_label\">\n\t<legend class=\"frm_screen_reader frm_hidden\">\n\t\tNombre y Apellido Beneficiario\t<\/legend>\n\n\t<div  class=\"frm_combo_inputs_container\" id=\"frm_combo_inputs_container_289\" data-name-layout=\"first_last\">\n\t\t\t\t\t<div\n\t\t\t\tid=\"frm_field_289-first_container\"\n\t\t\t\tclass=\"frm_form_field form-field frm_form_subfield-first  frm6\"\n\t\t\t\tdata-sub-field-name=\"first\"\n\t\t\t>\n\t\t\t\t<label for=\"field_vfiag_first\" class=\"frm_screen_reader frm_hidden\">\n\t\t\t\t\tNombre\t\t\t\t<\/label>\n\n\t\t\t\t<input  type=\"text\" id=\"field_vfiag_first\" value=\"\" name=\"item_meta[289][first]\" autocomplete=\"given-name\" data-reqmsg=\"Este campo no puede estar en blanco.\" aria-required=\"true\" data-invmsg=\"Nombre y Apellido Beneficiario no es v\u00e1lido\" class=\"form-control\" aria-invalid=\"false\"  \/><div class=\"frm_description\" id=\"frm_field_289_first_desc\">Nombre<\/div>\t\t\t<\/div>\n\t\t\t\t\t\t<div\n\t\t\t\tid=\"frm_field_289-last_container\"\n\t\t\t\tclass=\"frm_form_field form-field frm_form_subfield-last  frm6\"\n\t\t\t\tdata-sub-field-name=\"last\"\n\t\t\t>\n\t\t\t\t<label for=\"field_vfiag_last\" class=\"frm_screen_reader frm_hidden\">\n\t\t\t\t\tApellido\t\t\t\t<\/label>\n\n\t\t\t\t<input  type=\"text\" id=\"field_vfiag_last\" value=\"\" name=\"item_meta[289][last]\" autocomplete=\"family-name\" data-reqmsg=\"Este campo no puede estar en blanco.\" aria-required=\"true\" data-invmsg=\"Nombre y Apellido Beneficiario no es v\u00e1lido\" class=\"form-control\" aria-invalid=\"false\"  \/><div class=\"frm_description\" id=\"frm_field_289_last_desc\">Apellido<\/div>\t\t\t<\/div>\n\t\t\t\t<\/div>\n<\/fieldset>\n\r\n\t\r\n\t\r\n<\/div>\n<div id=\"frm_field_290_container\" class=\"frm_form_field form-field  frm_required_field form-group frm_top_container\">\r\n\t<label for=\"field_nxjuj\" id=\"field_nxjuj_label\" class=\"frm_primary_label col-form-label form-label\">DNI Beneficiario\r\n\t\t<span class=\"frm_required\" aria-hidden=\"true\">*<\/span>\r\n\t<\/label>\r\n\t<input  type=\"text\" id=\"field_nxjuj\" name=\"item_meta[290]\" value=\"\"  data-reqmsg=\"Este campo no puede estar en blanco.\" aria-required=\"true\" data-invmsg=\"DNI Beneficiario no es v\u00e1lido\" class=\"form-control\" aria-invalid=\"false\"   \/>\r\n\t\r\n\t\r\n<\/div>\n<div id=\"frm_field_291_container\" class=\"frm_form_field form-field  frm_required_field form-group frm_top_container\">\r\n\t<div  id=\"field_dwpy5_label\" class=\"frm_primary_label col-form-label form-label\">Nombre y Apellido Titular\r\n\t\t<span class=\"frm_required\" aria-hidden=\"true\">*<\/span>\r\n\t<\/div>\r\n\t<fieldset aria-labelledby=\"field_dwpy5_label\">\n\t<legend class=\"frm_screen_reader frm_hidden\">\n\t\tNombre y Apellido Titular\t<\/legend>\n\n\t<div  class=\"frm_combo_inputs_container\" id=\"frm_combo_inputs_container_291\" data-name-layout=\"first_last\">\n\t\t\t\t\t<div\n\t\t\t\tid=\"frm_field_291-first_container\"\n\t\t\t\tclass=\"frm_form_field form-field frm_form_subfield-first  frm6\"\n\t\t\t\tdata-sub-field-name=\"first\"\n\t\t\t>\n\t\t\t\t<label for=\"field_dwpy5_first\" class=\"frm_screen_reader frm_hidden\">\n\t\t\t\t\tNombre\t\t\t\t<\/label>\n\n\t\t\t\t<input  type=\"text\" id=\"field_dwpy5_first\" value=\"\" name=\"item_meta[291][first]\" data-reqmsg=\"Este campo no puede estar en blanco.\" aria-required=\"true\" data-invmsg=\"Nombre y Apellido Titular no es v\u00e1lido\" class=\"form-control\" aria-invalid=\"false\"  \/><div class=\"frm_description\" id=\"frm_field_291_first_desc\">Nombre<\/div>\t\t\t<\/div>\n\t\t\t\t\t\t<div\n\t\t\t\tid=\"frm_field_291-last_container\"\n\t\t\t\tclass=\"frm_form_field form-field frm_form_subfield-last  frm6\"\n\t\t\t\tdata-sub-field-name=\"last\"\n\t\t\t>\n\t\t\t\t<label for=\"field_dwpy5_last\" class=\"frm_screen_reader frm_hidden\">\n\t\t\t\t\tApellido\t\t\t\t<\/label>\n\n\t\t\t\t<input  type=\"text\" id=\"field_dwpy5_last\" value=\"\" name=\"item_meta[291][last]\" data-reqmsg=\"Este campo no puede estar en blanco.\" aria-required=\"true\" data-invmsg=\"Nombre y Apellido Titular no es v\u00e1lido\" class=\"form-control\" aria-invalid=\"false\"  \/><div class=\"frm_description\" id=\"frm_field_291_last_desc\">Apellido<\/div>\t\t\t<\/div>\n\t\t\t\t<\/div>\n<\/fieldset>\n\r\n\t\r\n\t\r\n<\/div>\n<div id=\"frm_field_292_container\" class=\"frm_form_field form-field  frm_required_field form-group frm_top_container\">\r\n\t<label for=\"field_m3pld\" id=\"field_m3pld_label\" class=\"frm_primary_label col-form-label form-label\">DNI Titular\r\n\t\t<span class=\"frm_required\" aria-hidden=\"true\">*<\/span>\r\n\t<\/label>\r\n\t<input  type=\"text\" id=\"field_m3pld\" name=\"item_meta[292]\" value=\"\"  data-reqmsg=\"Este campo no puede estar en blanco.\" aria-required=\"true\" data-invmsg=\"DNI Titular no es v\u00e1lido\" class=\"form-control\" aria-invalid=\"false\"   \/>\r\n\t\r\n\t\r\n<\/div>\n<div id=\"frm_field_293_container\" class=\"frm_form_field form-field  frm_required_field form-group frm_top_container\">\r\n\t<label for=\"field_wojlf\" id=\"field_wojlf_label\" class=\"frm_primary_label col-form-label form-label\">CBU\r\n\t\t<span class=\"frm_required\" aria-hidden=\"true\">*<\/span>\r\n\t<\/label>\r\n\t<input  type=\"text\" id=\"field_wojlf\" name=\"item_meta[293]\" value=\"\"  data-reqmsg=\"Este campo no puede estar en blanco.\" aria-required=\"true\" data-invmsg=\"CBU no es v\u00e1lido\" class=\"form-control\" aria-invalid=\"false\"   \/>\r\n\t\r\n\t\r\n<\/div>\n<div id=\"frm_field_294_container\" class=\"frm_form_field form-field  frm_required_field form-group frm_top_container frm6 frm_first\">\r\n\t<label for=\"field_dg6vp\" id=\"field_dg6vp_label\" class=\"frm_primary_label col-form-label form-label\">Correo eletr\u00f3nico\r\n\t\t<span class=\"frm_required\" aria-hidden=\"true\">*<\/span>\r\n\t<\/label>\r\n\t<input type=\"email\" id=\"field_dg6vp\" name=\"item_meta[294]\" value=\"\"  autocomplete=\"email\"  data-reqmsg=\"Este campo no puede estar en blanco.\" aria-required=\"true\" data-invmsg=\"Correo eletr\u00f3nico no es v\u00e1lido\" class=\"form-control\" aria-invalid=\"false\"  \/>\r\n\t\r\n\t\r\n<\/div>\n<div id=\"frm_field_295_container\" class=\"frm_form_field form-field  frm_required_field form-group frm_top_container frm6\">\r\n\t<label for=\"field_7h89h\" id=\"field_7h89h_label\" class=\"frm_primary_label col-form-label form-label\">Tel\u00e9fono\r\n\t\t<span class=\"frm_required\" aria-hidden=\"true\">*<\/span>\r\n\t<\/label>\r\n\t<input type=\"tel\" id=\"field_7h89h\" name=\"item_meta[295]\" value=\"\"  data-reqmsg=\"Este campo no puede estar en blanco.\" aria-required=\"true\" data-invmsg=\"Tel\u00e9fono no es v\u00e1lido\" class=\"form-control\" aria-invalid=\"false\" pattern=\"((\\+\\d{1,3}(-|.| )?\\(?\\d\\)?(-| |.)?\\d{1,5})|(\\(?\\d{2,6}\\)?))(-|.| )?(\\d{3,4})(-|.| )?(\\d{4})(( x| ext)\\d{1,5}){0,1}$\"  \/>\r\n\t\r\n\t\r\n<\/div>\n<div id=\"frm_field_296_container\" class=\"frm_form_field form-field  frm_required_field form-group frm_top_container\">\r\n\t<label for=\"field_3hn9e\" id=\"field_3hn9e_label\" class=\"frm_primary_label col-form-label form-label\">Motivo de solicitud\r\n\t\t<span class=\"frm_required\" aria-hidden=\"true\">*<\/span>\r\n\t<\/label>\r\n\t<textarea name=\"item_meta[296]\" id=\"field_3hn9e\" rows=\"5\"  data-reqmsg=\"Este campo no puede estar en blanco.\" aria-required=\"true\" data-invmsg=\"Motivo de solicitud no es v\u00e1lido\" class=\"form-control\" aria-invalid=\"false\"  ><\/textarea>\r\n\t\r\n\t\r\n<\/div>\n<div id=\"frm_field_297_container\" class=\"frm_form_field form-field  form-group frm_top_container\">\r\n\t<label for=\"field_q1z25\" id=\"field_q1z25_label\" class=\"frm_primary_label col-form-label form-label\">Subida de archivos\r\n\t\t<span class=\"frm_required\" aria-hidden=\"true\"><\/span>\r\n\t<\/label>\r\n\t<input type=\"hidden\"  data-invmsg=\"Subida de archivos no es v\u00e1lido\" aria-invalid=\"false\"   name=\"item_meta[297]\"  value=\"\" data-frmfile=\"297\" \/>\n\n<div class=\"frm_dropzone frm_single_upload frm_clearfix\" id=\"file297_dropzone\" role=\"group\" >\n\t<div class=\"fallback\">\n\t\t<input type=\"file\" name=\"file297\" id=\"field_q1z25\"\n\t\t\t data-invmsg=\"Subida de archivos no es v\u00e1lido\" aria-invalid=\"false\"  \t\t\t\/>\n\t\t\t\t<div class=\"frm_clearfix \"><\/div>\n\t<\/div>\n\t<div class=\"dz-message needsclick\">\n\t\t\t\t<svg  viewBox=\"0 0 18 18\" class=\"frmsvg frm-svg-icon\">\n\t<path viewBox=\"0 0 18 18\" fill-rule=\"evenodd\" clip-rule=\"evenodd\" d=\"M8.2 4v8a.8.8 0 001.5 0V4l2.1 2.2A.7.7 0 1013 5L9.5 1.7a.7.7 0 00-1.1 0L5.1 5.2a.8.8 0 001 1l2.1-2zm7.6 4.3c.4 0 .7.3.7.7v6.8c0 .4-.3.7-.8.7H2.3a.8.8 0 01-.8-.8V9A.8.8 0 013 9v6h12V9c0-.4.3-.8.8-.8z\"><\/path>\n<\/svg>\t\t<span class=\"frm_upload_text\"><button type=\"button\" aria-label=\"Subida de archivos. Arrastra un archivo aqu\u00ed o haz clic para cargar. Tama\u00f1o m\u00e1ximo del archivo: 134.22MB\">Arrastra un archivo aqu\u00ed o haz clic para cargar<\/button><\/span>\n\t\t<span class=\"frm_compact_text\"><button type=\"button\" aria-label=\"Subida de archivos. Seleccionar Archivo. Tama\u00f1o m\u00e1ximo del archivo: 134.22MB\">Seleccionar Archivo<\/button><\/span>\n\t\t<div class=\"frm_small_text\">\n\t\t\t<p>Tama\u00f1o m\u00e1ximo del archivo: 134.22MB<\/p>\n\t\t<\/div>\n\t<\/div>\n<\/div>\n\t\r\n\t\r\n\t\r\n<\/div>\n<div id=\"frm_field_298_container\" class=\"frm_form_field form-field  form-group frm_none_container\">\r\n\t<label for=\"g-recaptcha-response\" id=\"field_6f9at_label\" class=\"frm_primary_label col-form-label form-label\">Captcha\r\n\t\t<span class=\"frm_required\" aria-hidden=\"true\"><\/span>\r\n\t<\/label>\r\n\t<div  id=\"field_6f9at\" class=\"frm-g-recaptcha\" data-sitekey=\"6LcELmkbAAAAADtHhFV_-euv5QAvAYUQDMNklZfO\" data-size=\"normal\" data-theme=\"light\"><\/div>\r\n\t\r\n\t\r\n<\/div>\n<div id=\"frm_field_288_container\" class=\"frm_form_field form-field  form-group\">\r\n\t<div class=\"form-group frm_submit frm_flex\">\r\n<button class=\"frm_button_submit btn btn-secondary frm_final_submit\" type=\"submit\"   formnovalidate=\"formnovalidate\">Enviar<\/button>\r\n\r\n\r\n\r\n<\/div>\r\n<\/div>\n\t<input type=\"hidden\" name=\"item_key\" value=\"\" \/>\n\t\t\t<div id=\"frm_field_331_container\">\n\t\t\t<label for=\"field_zswh8\" >\n\t\t\t\tSi eres humano, deja este campo en blanco.\t\t\t<\/label>\n\t\t\t<input  id=\"field_zswh8\" type=\"text\" class=\"frm_form_field form-field frm_verify\" name=\"item_meta[331]\" value=\"\"  \/>\n\t\t<\/div>\n\t\t<input name=\"frm_state\" type=\"hidden\" value=\"xcrVXkzfxn7UVpfhQgk0+6Uy6TfTOtb+ruH+og9AhJ1UFptK1a+AlzsszL0N99bH\" \/><\/div>\n<\/fieldset>\n<\/div>\n\n<\/form>\n<\/div>\n<\/div>\n<\/div>\n<\/div>\n<\/div><\/div>\n\n\n\n<div class=\"wp-block-uagb-container uagb-block-48f36536 alignfull uagb-is-root-container\"><div class=\"uagb-container-inner-blocks-wrap\">\n<div class=\"wp-block-uagb-container uagb-block-ccf45379\">\n<div class=\"wp-block-uagb-advanced-heading uagb-block-93fb34aa\"><h2 class=\"uagb-heading-text\"><img loading=\"lazy\" decoding=\"async\" width=\"150\" height=\"45\" class=\"wp-image-61\" style=\"width: 150px;\" src=\"https:\/\/globalempresaria.com\/app\/wp-content\/uploads\/2021\/06\/logoge.png\" alt=\"\" srcset=\"https:\/\/globalempresaria.com\/app\/wp-content\/uploads\/2021\/06\/logoge.png 337w, https:\/\/globalempresaria.com\/app\/wp-content\/uploads\/2021\/06\/logoge-300x89.png 300w\" sizes=\"auto, (max-width: 150px) 100vw, 150px\" \/><\/h2><p class=\"uagb-desc-text\">Somos una empresa de servicios multidisciplinarios y de salud, cuya misi\u00f3n es crear valor y contribuir al desarrollo sostenible de la sociedad, las organizaciones y poniendo especial \u00e9nfasis en las personas.<br>Estamos cerca de nuestros clientes y nos comprometemos con ellos.<br><br><strong>Contacto<\/strong><br>Email:<br><a href=\"mailto:info@globalempresaria.com\">info@globalempresaria.com<\/a><br><br><a href=\"https:\/\/goo.gl\/maps\/3u9gsiKDv27SrnQdA\" target=\"_blank\" rel=\"noreferrer noopener\">Avenida Carlos Pellegrini 1291 &#8211; Piso 1<br>S2000BTM &#8211; Rosario &#8211; Santa Fe &#8211; Argentina<\/a><br><br>Telefono:<br><a href=\"tel:08107772571\">0810 777 2571<\/a><br><br><a href=\"https:\/\/goo.gl\/maps\/Lh1y8EVho8NfoFtJ6\" target=\"_blank\" rel=\"noreferrer noopener\">Avenida Ingeniero Huergo 949 &#8211; Piso 8<br>C1107AOJ &#8211; Capital Federal &#8211; Argentina<\/a><br><br>Telefono:<br><a href=\"tel:01170901881\">+54 11 7090 1881<\/a><\/p><\/div>\n<\/div>\n\n\n\n<div class=\"wp-block-uagb-container uagb-block-41981c2d\">\t\t\t<div \n\t\t\tclass=\"wp-block-uagb-google-map uagb-google-map__wrap uagb-block-e4ba13a9     \"\n\t\t\tstyle=\"\" >\n\t\t\t\t<embed\n\t\t\t\t\tclass=\"uagb-google-map__iframe\"\n\t\t\t\t\ttitle=\"Mapa de Google de\"\n\t\t\t\t\tsrc=\"https:\/\/maps.google.com\/maps?q=Avenida%20Carlos%20Pellegrini%201291%2C%20Rosario%2C%20Argentina&#038;z=14&#038;hl=es&#038;t=m&#038;output=embed&#038;iwloc=near\"\n\t\t\t\t\twidth=\"640\"\n\t\t\t\t\theight=\"450\"\n\t\t\t\t\tloading=\"lazy\"\n\t\t\t\t><\/embed>\n\t\t\t<\/div>\n\t\t\t<\/div>\n<\/div><\/div>\n","protected":false},"excerpt":{"rendered":"<p>Somos una empresa de servicios multidisciplinarios y de salud, cuya misi\u00f3n es crear valor y contribuir al desarrollo sostenible de la sociedad, las organizaciones y poniendo especial \u00e9nfasis en las personas.Estamos cerca de nuestros clientes y nos comprometemos con ellos. ContactoEmail:info@globalempresaria.com Avenida Carlos Pellegrini 1291 &#8211; Piso 1S2000BTM &#8211; Rosario &#8211; Santa Fe &#8211; Argentina [&hellip;]<\/p>\n","protected":false},"author":2,"featured_media":0,"parent":0,"menu_order":0,"comment_status":"closed","ping_status":"closed","template":"","meta":{"_uag_custom_page_level_css":"","site-sidebar-layout":"default","site-content-layout":"","ast-site-content-layout":"default","site-content-style":"default","site-sidebar-style":"default","ast-global-header-display":"","ast-banner-title-visibility":"","ast-main-header-display":"","ast-hfb-above-header-display":"","ast-hfb-below-header-display":"","ast-hfb-mobile-header-display":"","site-post-title":"disabled","ast-breadcrumbs-content":"","ast-featured-img":"","footer-sml-layout":"","ast-disable-related-posts":"","theme-transparent-header-meta":"","adv-header-id-meta":"","stick-header-meta":"","header-above-stick-meta":"","header-main-stick-meta":"","header-below-stick-meta":"","astra-migrate-meta-layouts":"set","ast-page-background-enabled":"default","ast-page-background-meta":{"desktop":{"background-color":"var(--ast-global-color-4)","background-image":"","background-repeat":"repeat","background-position":"center center","background-size":"auto","background-attachment":"scroll","background-type":"","background-media":"","overlay-type":"","overlay-color":"","overlay-opacity":"","overlay-gradient":""},"tablet":{"background-color":"","background-image":"","background-repeat":"repeat","background-position":"center center","background-size":"auto","background-attachment":"scroll","background-type":"","background-media":"","overlay-type":"","overlay-color":"","overlay-opacity":"","overlay-gradient":""},"mobile":{"background-color":"","background-image":"","background-repeat":"repeat","background-position":"center center","background-size":"auto","background-attachment":"scroll","background-type":"","background-media":"","overlay-type":"","overlay-color":"","overlay-opacity":"","overlay-gradient":""}},"ast-content-background-meta":{"desktop":{"background-color":"var(--ast-global-color-5)","background-image":"","background-repeat":"repeat","background-position":"center center","background-size":"auto","background-attachment":"scroll","background-type":"","background-media":"","overlay-type":"","overlay-color":"","overlay-opacity":"","overlay-gradient":""},"tablet":{"background-color":"var(--ast-global-color-5)","background-image":"","background-repeat":"repeat","background-position":"center center","background-size":"auto","background-attachment":"scroll","background-type":"","background-media":"","overlay-type":"","overlay-color":"","overlay-opacity":"","overlay-gradient":""},"mobile":{"background-color":"var(--ast-global-color-5)","background-image":"","background-repeat":"repeat","background-position":"center center","background-size":"auto","background-attachment":"scroll","background-type":"","background-media":"","overlay-type":"","overlay-color":"","overlay-opacity":"","overlay-gradient":""}},"footnotes":""},"class_list":["post-20187","page","type-page","status-publish","hentry"],"uagb_featured_image_src":{"full":false,"thumbnail":false,"medium":false,"medium_large":false,"large":false,"1536x1536":false,"2048x2048":false},"uagb_author_info":{"display_name":"c2061071","author_link":"https:\/\/globalempresaria.com\/app\/author\/c2061071\/"},"uagb_comment_info":0,"uagb_excerpt":"Somos una empresa de servicios multidisciplinarios y de salud, cuya misi\u00f3n es crear valor y contribuir al desarrollo sostenible de la sociedad, las organizaciones y poniendo especial \u00e9nfasis en las personas.Estamos cerca de nuestros clientes y nos comprometemos con ellos. ContactoEmail:info@globalempresaria.com Avenida Carlos Pellegrini 1291 &#8211; Piso 1S2000BTM &#8211; Rosario &#8211; Santa Fe &#8211; Argentina&hellip;","_links":{"self":[{"href":"https:\/\/globalempresaria.com\/app\/wp-json\/wp\/v2\/pages\/20187","targetHints":{"allow":["GET"]}}],"collection":[{"href":"https:\/\/globalempresaria.com\/app\/wp-json\/wp\/v2\/pages"}],"about":[{"href":"https:\/\/globalempresaria.com\/app\/wp-json\/wp\/v2\/types\/page"}],"author":[{"embeddable":true,"href":"https:\/\/globalempresaria.com\/app\/wp-json\/wp\/v2\/users\/2"}],"replies":[{"embeddable":true,"href":"https:\/\/globalempresaria.com\/app\/wp-json\/wp\/v2\/comments?post=20187"}],"version-history":[{"count":3,"href":"https:\/\/globalempresaria.com\/app\/wp-json\/wp\/v2\/pages\/20187\/revisions"}],"predecessor-version":[{"id":24028,"href":"https:\/\/globalempresaria.com\/app\/wp-json\/wp\/v2\/pages\/20187\/revisions\/24028"}],"wp:attachment":[{"href":"https:\/\/globalempresaria.com\/app\/wp-json\/wp\/v2\/media?parent=20187"}],"curies":[{"name":"wp","href":"https:\/\/api.w.org\/{rel}","templated":true}]}}