{"id":8107,"date":"2023-03-18T21:54:40","date_gmt":"2023-03-18T21:54:40","guid":{"rendered":"https:\/\/globalempresaria.com\/app\/?page_id=8107"},"modified":"2025-09-02T21:34:01","modified_gmt":"2025-09-02T21:34:01","slug":"salud","status":"publish","type":"page","link":"https:\/\/globalempresaria.com\/app\/salud\/","title":{"rendered":"salud"},"content":{"rendered":"\n<div class=\"wp-block-cover alignfull is-light has-parallax has-custom-content-position is-position-top-left\" style=\"min-height:650px;aspect-ratio:unset;\"><div class=\"wp-block-cover__image-background wp-image-8235 has-parallax\" style=\"background-position:50% 50%;background-image:url(https:\/\/globalempresaria.com\/app\/wp-content\/uploads\/2023\/03\/salud.jpg)\"><\/div><span aria-hidden=\"true\" class=\"wp-block-cover__background has-background-dim-0 has-background-dim\"><\/span><div class=\"wp-block-cover__inner-container is-layout-flow wp-block-cover-is-layout-flow\">\n<div class=\"wp-block-columns are-vertically-aligned-center is-layout-flex wp-container-core-columns-is-layout-28f84493 wp-block-columns-is-layout-flex\">\n<div class=\"wp-block-column is-vertically-aligned-center is-layout-flow wp-block-column-is-layout-flow\">\n<div class=\"wp-block-group has-ast-global-color-0-background-color has-background is-layout-flow wp-block-group-is-layout-flow\">\n<h1 class=\"wp-block-heading has-text-color has-x-large-font-size\" style=\"color:#00a8e1;font-style:normal;font-weight:900\">Servicios de salud.<\/h1>\n\n\n\n<p class=\"has-white-color has-text-color has-background\" style=\"background-color:#00a8e1;font-size:16px;font-style:normal;font-weight:500\">Contamos con una amplia Red de prestadores de servicios de salud a nivel nacional, respetando los m\u00e1s altos est\u00e1ndares de calidad m\u00e9dica. Gerenciamos y damos soporte a Obras Sociales y empresas de medicina prepaga.<\/p>\n<\/div>\n<\/div>\n\n\n\n<div class=\"wp-block-column is-vertically-aligned-center is-layout-flow wp-block-column-is-layout-flow\"><\/div>\n<\/div>\n<\/div><\/div>\n\n\n\n<div class=\"wp-block-group alignfull has-ast-global-color-5-background-color has-background is-layout-constrained wp-block-group-is-layout-constrained\">\n<p class=\"has-text-align-center has-text-color has-medium-font-size\" style=\"color:#848484;font-style:normal;font-weight:500\">Nuestras actividades est\u00e1n reguladas por la Superintendencia de Servicios de Salud (SSS) y Global Empresaria S.A. se encuentra inscripta en el Registro Nacional de Prestadores bajo el Nro. RNP 1475\/2019. <\/p>\n\n\n\n<p class=\"has-text-align-center has-text-color has-medium-font-size\" style=\"color:#848484;font-style:normal;font-weight:500\">La cobertura ofrecida se basa en el Programa M\u00e9dico Obligatorio (PMO) ofreciendo soluciones para la gesti\u00f3n y\/o la administraci\u00f3n total o parcial de su entidad.<\/p>\n\n\n\n<div class=\"wp-block-uagb-container uagb-block-814da947 alignfull uagb-is-root-container\"><div class=\"uagb-container-inner-blocks-wrap\">\n<div class=\"wp-block-uagb-container uagb-block-50a2edce alignfull uagb-is-root-container\"><div class=\"uagb-container-inner-blocks-wrap\">\n<h1 class=\"wp-block-heading\">Nuestras fortalezas<\/h1>\n\n\n\n<figure class=\"wp-block-image size-large is-style-default\"><a href=\"https:\/\/globalempresaria.com\/app\/wp-content\/uploads\/2023\/04\/fortaleza1.jpg\"><img loading=\"lazy\" decoding=\"async\" width=\"710\" height=\"1024\" src=\"https:\/\/globalempresaria.com\/app\/wp-content\/uploads\/2023\/04\/fortaleza1-710x1024.jpg\" alt=\"\" class=\"wp-image-8687\" srcset=\"https:\/\/globalempresaria.com\/app\/wp-content\/uploads\/2023\/04\/fortaleza1-710x1024.jpg 710w, https:\/\/globalempresaria.com\/app\/wp-content\/uploads\/2023\/04\/fortaleza1-208x300.jpg 208w, https:\/\/globalempresaria.com\/app\/wp-content\/uploads\/2023\/04\/fortaleza1.jpg 732w\" sizes=\"auto, (max-width: 710px) 100vw, 710px\" \/><\/a><\/figure>\n<\/div><\/div>\n\n\n\n<div class=\"wp-block-uagb-container uagb-block-c8e7102b alignfull uagb-is-root-container\"><div class=\"uagb-container-inner-blocks-wrap\">\n<div class=\"wp-block-uagb-info-box uagb-block-6a42736b uagb-infobox__content-wrap  uagb-infobox-icon-above-title uagb-infobox-image-valign-top\"><div class=\"uagb-ifb-content\"><div class=\"uagb-ifb-title-wrap\"><h6 class=\"uagb-ifb-title\"><strong><strong>Amplia Red de Prestadores de Salud<\/strong><\/strong><\/h6><\/div><p class=\"uagb-ifb-desc\">Entendemos y conocemos todas las realidades prestacionales de la regi\u00f3n, contando con una amplia Red de Prestadores de Salud en varias provincias, con altos est\u00e1ndares de calidad m\u00e9dica.<\/p><\/div><\/div>\n\n\n\n<div class=\"wp-block-uagb-info-box uagb-block-be06710f uagb-infobox__content-wrap  uagb-infobox-icon-above-title uagb-infobox-image-valign-top\"><div class=\"uagb-ifb-content\"><div class=\"uagb-ifb-title-wrap\"><h6 class=\"uagb-ifb-title\"><strong><strong>M\u00e1xima seguridad prestacional<\/strong><\/strong><\/h6><\/div><p class=\"uagb-ifb-desc\">Implementamos un marco prestacional que nos permite brindar la m\u00e1xima seguridad prestacional a la Obra social o empresa de medicina prepaga, y la mejor prestaci\u00f3n a sus afiliados.<\/p><\/div><\/div>\n\n\n\n<div class=\"wp-block-uagb-info-box uagb-block-0bf1326b uagb-infobox__content-wrap  uagb-infobox-icon-above-title uagb-infobox-image-valign-top\"><div class=\"uagb-ifb-content\"><div class=\"uagb-ifb-title-wrap\"><h6 class=\"uagb-ifb-title\"><strong><strong>Resultados tangibles<\/strong><\/strong><\/h6><\/div><p class=\"uagb-ifb-desc\">Como las exigencias del mercado actual demandan, nuestra gesti\u00f3n la medimos a trav\u00e9s de procesos estipulados, de manera de poder mostrar resultados tangibles que acreditan nuestra tarea.<\/p><\/div><\/div>\n\n\n\n<div class=\"wp-block-uagb-info-box uagb-block-c2f35995 uagb-infobox__content-wrap  uagb-infobox-icon-above-title uagb-infobox-image-valign-top\"><div class=\"uagb-ifb-content\"><div class=\"uagb-ifb-title-wrap\"><h6 class=\"uagb-ifb-title\"><strong><strong>Equipo interdisciplinario de colaboradores y expertos en el tema<\/strong><\/strong><\/h6><\/div><p class=\"uagb-ifb-desc\">Quienes comparten la filosof\u00eda de trabajo y compromiso hacia los beneficiarios del servicio, como as\u00ed tambi\u00e9n los objetivos del cliente, estando en permanente contacto con los profesionales e instituciones de la salud. El uso de recursos tecnol\u00f3gicos (TICSs) como herramienta de gesti\u00f3n, nos lleva a ser una consultora l\u00edder en servicios de salud, implementando KPIs para el seguimiento y control de las prestaciones.<\/p><\/div><\/div>\n\n\n\n<div class=\"wp-block-uagb-info-box uagb-block-b2b5b8ef uagb-infobox__content-wrap  uagb-infobox-icon-above-title uagb-infobox-image-valign-top\"><div class=\"uagb-ifb-content\"><div class=\"uagb-ifb-title-wrap\"><h6 class=\"uagb-ifb-title\"><strong><strong>Disponemos diferentes sectores con profesionales destacados<\/strong><\/strong><\/h6><\/div><p class=\"uagb-ifb-desc\">Auditoria M\u00e9dica, Auditoria Administrativa, Comercial, Central de Autorizaciones y Atenci\u00f3n al afiliado, todos interconectados por un sistema de Red integral, agilizando soluciones prestacionales. Con el firme prop\u00f3sito de seguir creciendo a nivel pa\u00eds, gerenciando y dando soporte a Obras Sociales y empresas de medicina prepaga.<\/p><\/div><\/div>\n<\/div><\/div>\n<\/div><\/div>\n<\/div>\n\n\n\n<div class=\"wp-block-uagb-container uagb-block-bf532734 alignfull uagb-is-root-container\"><div class=\"uagb-container-inner-blocks-wrap\">\n<div class=\"wp-block-uagb-container uagb-block-53216ea3\">\n<div class=\"wp-block-uagb-info-box uagb-block-1dfcefb8 uagb-infobox__content-wrap  uagb-infobox-icon-below-title uagb-infobox-image-valign-top\"><div class=\"uagb-ifb-content\"><div class=\"uagb-ifb-title-wrap\"><h1 class=\"uagb-ifb-title\">Nuestros Servicios<\/h1><\/div><div class=\"uagb-ifb-icon-wrap\"><svg xmlns=\"https:\/\/www.w3.org\/2000\/svg\" viewBox=\"0 0 512 512\"><path d=\"M256 0C114.6 0 0 114.6 0 256c0 141.4 114.6 256 256 256s256-114.6 256-256C512 114.6 397.4 0 256 0zM382.6 302.6l-103.1 103.1C270.7 414.6 260.9 416 256 416c-4.881 0-14.65-1.391-22.65-9.398L129.4 302.6c-12.5-12.5-12.5-32.75 0-45.25s32.75-12.5 45.25 0L224 306.8V128c0-17.69 14.33-32 32-32s32 14.31 32 32v178.8l49.38-49.38c12.5-12.5 32.75-12.5 45.25 0S395.1 290.1 382.6 302.6z\"><\/path><\/svg><\/div><\/div><\/div>\n<\/div>\n<\/div><\/div>\n\n\n\n<div class=\"wp-block-uagb-container uagb-block-aed32d05 alignfull uagb-is-root-container\"><div class=\"uagb-container-inner-blocks-wrap\">\n<div class=\"wp-block-uagb-container uagb-block-5b6d1b52 default uagb-is-root-container\">\n<div class=\"wp-block-uagb-container uagb-block-b399aa36\">\n<div class=\"wp-block-uagb-info-box uagb-block-5ee10656 uagb-infobox__content-wrap  uagb-infobox-icon-above-title uagb-infobox-image-valign-top\"><div class=\"uagb-ifb-content\"><div class=\"uagb-ifb-image-content\"><img decoding=\"async\" src=\"https:\/\/globalempresaria.com\/app\/wp-content\/uploads\/2023\/03\/service.png\" alt=\"\" width=\"120\" height=\"120\" loading=\"lazy\"\/><\/div><div class=\"uagb-ifb-title-wrap\"><h4 class=\"uagb-ifb-title\">Customer Service<\/h4><\/div><p class=\"uagb-ifb-desc\">Mejoramos la atenci\u00f3n y la experiencia de tus afiliados.<\/p><\/div><\/div>\n\n\n\n<div class=\"wp-block-uagb-info-box uagb-block-4543f5f9 uagb-infobox__content-wrap  uagb-infobox-icon-above-title uagb-infobox-image-valign-top\"><div class=\"uagb-ifb-content\"><div class=\"uagb-ifb-image-content\"><img decoding=\"async\" src=\"https:\/\/globalempresaria.com\/app\/wp-content\/uploads\/2023\/03\/admision.png\" alt=\"\" width=\"120\" height=\"120\" loading=\"lazy\"\/><\/div><div class=\"uagb-ifb-title-wrap\"><h4 class=\"uagb-ifb-title\">Admisi\u00f3n<\/h4><\/div><p class=\"uagb-ifb-desc\">Sistematizamos los procesos acelerando el ingreso de los afiliados, con equipo de asesores.<\/p><\/div><\/div>\n<\/div>\n\n\n\n<div class=\"wp-block-uagb-container uagb-block-79af087a\">\n<div class=\"wp-block-uagb-info-box uagb-block-2d7fecf4 uagb-infobox__content-wrap  uagb-infobox-icon-above-title uagb-infobox-image-valign-top\"><div class=\"uagb-ifb-content\"><div class=\"uagb-ifb-image-content\"><img decoding=\"async\" src=\"https:\/\/globalempresaria.com\/app\/wp-content\/uploads\/2023\/03\/gestion.png\" alt=\"\" width=\"120\" height=\"120\" loading=\"lazy\"\/><\/div><div class=\"uagb-ifb-title-wrap\"><h4 class=\"uagb-ifb-title\">Oferta M\u00e9dica<\/h4><\/div><p class=\"uagb-ifb-desc\">Convertimos tu Contact Center en una Unidad de Negocio especializada en Salud.<\/p><\/div><\/div>\n\n\n\n<div class=\"wp-block-uagb-info-box uagb-block-9ea09cc3 uagb-infobox__content-wrap  uagb-infobox-icon-above-title uagb-infobox-image-valign-top\"><div class=\"uagb-ifb-content\"><div class=\"uagb-ifb-image-content\"><img decoding=\"async\" src=\"https:\/\/globalempresaria.com\/app\/wp-content\/uploads\/2023\/03\/calidad.png\" alt=\"\" width=\"120\" height=\"120\" loading=\"lazy\"\/><\/div><div class=\"uagb-ifb-title-wrap\"><h4 class=\"uagb-ifb-title\">Calidad<\/h4><\/div><p class=\"uagb-ifb-desc\">Controlamos tus procesos con un sector independiente a la estructura para la mejora continua de tu organizaci\u00f3n.<\/p><\/div><\/div>\n<\/div>\n\n\n\n<div class=\"wp-block-uagb-container uagb-block-c808bf26\">\n<div class=\"wp-block-uagb-info-box uagb-block-7250013d uagb-infobox__content-wrap  uagb-infobox-icon-above-title uagb-infobox-image-valign-top\"><div class=\"uagb-ifb-content\"><div class=\"uagb-ifb-image-content\"><img decoding=\"async\" src=\"https:\/\/globalempresaria.com\/app\/wp-content\/uploads\/2023\/03\/tm.png\" alt=\"\" width=\"120\" height=\"120\" loading=\"lazy\"\/><\/div><div class=\"uagb-ifb-title-wrap\"><h4 class=\"uagb-ifb-title\">Telemedicina<\/h4><\/div><p class=\"uagb-ifb-desc\">Innovamos en la agenda ambulatoria con la mejor tecnolog\u00eda y gesti\u00f3n para la atenci\u00f3n de tus pacientes.<\/p><\/div><\/div>\n\n\n\n<div class=\"wp-block-uagb-info-box uagb-block-1cd69bd5 uagb-infobox__content-wrap  uagb-infobox-icon-above-title uagb-infobox-image-valign-top\"><div class=\"uagb-ifb-content\"><div class=\"uagb-ifb-image-content\"><img decoding=\"async\" src=\"https:\/\/globalempresaria.com\/app\/wp-content\/uploads\/2023\/04\/rrhh_n-150x150.png\" alt=\"\" width=\"120\" height=\"120\" loading=\"lazy\"\/><\/div><div class=\"uagb-ifb-title-wrap\"><h4 class=\"uagb-ifb-title\">Estructura de tu empresa<\/h4><\/div><p class=\"uagb-ifb-desc\">Alineamos los procesos de tu organizaci\u00f3n en b\u00fasqueda de la eficiencia.<\/p><\/div><\/div>\n<\/div>\n\n\n\n<div class=\"wp-block-uagb-container uagb-block-69706130\">\n<div class=\"wp-block-uagb-info-box uagb-block-4ff04962 uagb-infobox__content-wrap  uagb-infobox-icon-above-title uagb-infobox-image-valign-top\"><div class=\"uagb-ifb-content\"><div class=\"uagb-ifb-image-content\"><img decoding=\"async\" src=\"https:\/\/globalempresaria.com\/app\/wp-content\/uploads\/2023\/03\/tmk.png\" alt=\"\" width=\"120\" height=\"120\" loading=\"lazy\"\/><\/div><div class=\"uagb-ifb-title-wrap\"><h4 class=\"uagb-ifb-title\">Telemarketing\u200b<\/h4><\/div><p class=\"uagb-ifb-desc\">Asesoramos on line, con un equipo de telemarkerts para seleccionar tu mejor plan asistencial.<\/p><\/div><\/div>\n\n\n\n<div class=\"wp-block-uagb-info-box uagb-block-6a58662b uagb-infobox__content-wrap  uagb-infobox-icon-above-title uagb-infobox-image-valign-top\"><div class=\"uagb-ifb-content\"><div class=\"uagb-ifb-image-content\"><img decoding=\"async\" src=\"https:\/\/globalempresaria.com\/app\/wp-content\/uploads\/2023\/04\/tech-150x150.png\" alt=\"\" width=\"120\" height=\"120\" loading=\"lazy\"\/><\/div><div class=\"uagb-ifb-title-wrap\"><h4 class=\"uagb-ifb-title\">Transformaci\u00f3n Digital\u200b<\/h4><\/div><p class=\"uagb-ifb-desc\">Mejoramos la calidad y eficiencia de la atenci\u00f3n m\u00e9dica.<\/p><\/div><\/div>\n<\/div>\n<\/div>\n<\/div><\/div>\n\n\n\n<p><\/p>\n\n\n\n<div class=\"wp-block-uagb-container uagb-block-30ba0ca2 alignwide uagb-is-root-container\">\n<div class=\"wp-block-uagb-advanced-heading uagb-block-6fcb3523\"><h1 class=\"uagb-heading-text\"><strong>Convenios Vigentes<\/strong><\/h1><p class=\"uagb-desc-text\">Ingresando en cada convenio, podr\u00e1s consultar el listado de los prestadores activos<\/p><\/div>\n\n\n\n<div class=\"wp-block-uagb-container uagb-block-89776f13 alignfull uagb-is-root-container\"><div class=\"uagb-container-inner-blocks-wrap\">\n<div class=\"wp-block-uagb-container uagb-block-2aae2dd1\">\n<figure class=\"wp-block-image size-full is-style-default\"><a href=\"http:\/\/www.globalempresaria.com\/app\/ospic\"><img loading=\"lazy\" decoding=\"async\" width=\"677\" height=\"327\" src=\"https:\/\/globalempresaria.com\/app\/wp-content\/uploads\/2023\/07\/1.png\" alt=\"\" class=\"wp-image-9983\" srcset=\"https:\/\/globalempresaria.com\/app\/wp-content\/uploads\/2023\/07\/1.png 677w, https:\/\/globalempresaria.com\/app\/wp-content\/uploads\/2023\/07\/1-300x145.png 300w\" sizes=\"auto, (max-width: 677px) 100vw, 677px\" \/><\/a><\/figure>\n<\/div>\n\n\n\n<div class=\"wp-block-uagb-container uagb-block-f2f1d3d1\">\n<figure class=\"wp-block-image size-full is-style-default\"><a href=\"http:\/\/www.globalempresaria.com\/app\/ospm\"><img loading=\"lazy\" decoding=\"async\" width=\"551\" height=\"280\" src=\"https:\/\/globalempresaria.com\/app\/wp-content\/uploads\/2023\/07\/2.png\" alt=\"\" class=\"wp-image-9984\" srcset=\"https:\/\/globalempresaria.com\/app\/wp-content\/uploads\/2023\/07\/2.png 551w, https:\/\/globalempresaria.com\/app\/wp-content\/uploads\/2023\/07\/2-300x152.png 300w\" sizes=\"auto, (max-width: 551px) 100vw, 551px\" \/><\/a><\/figure>\n<\/div>\n<\/div><\/div>\n<\/div>\n\n\n\n<div class=\"wp-block-uagb-container uagb-block-e478ce16 alignfull uagb-is-root-container\"><div class=\"uagb-container-inner-blocks-wrap\">\n<div class=\"wp-block-uagb-container uagb-block-d50fcfc5\">\n<div class=\"wp-block-uagb-advanced-heading uagb-block-b7ec9af3\"><h2 class=\"uagb-heading-text\"><img loading=\"lazy\" decoding=\"async\" width=\"150\" height=\"45\" class=\"wp-image-61\" style=\"width: 150px;\" src=\"https:\/\/globalempresaria.com\/app\/wp-content\/uploads\/2021\/06\/logoge.png\" alt=\"\" srcset=\"https:\/\/globalempresaria.com\/app\/wp-content\/uploads\/2021\/06\/logoge.png 337w, https:\/\/globalempresaria.com\/app\/wp-content\/uploads\/2021\/06\/logoge-300x89.png 300w\" sizes=\"auto, (max-width: 150px) 100vw, 150px\" \/><\/h2><p class=\"uagb-desc-text\">Somos una empresa de servicios multidisciplinarios y de salud, cuya misi\u00f3n es crear valor y contribuir al desarrollo sostenible de la sociedad, las organizaciones y poniendo especial \u00e9nfasis en las personas.<br>Estamos cerca de nuestros clientes y nos comprometemos con ellos.<br><br><strong>Contacto<\/strong><br>Email:<br><a href=\"mailto:info@globalempresaria.com\" data-type=\"mailto\" data-id=\"mailto:info@globalempresaria.com\">info@globalempresaria.com<\/a><br><br><a href=\"https:\/\/goo.gl\/maps\/3u9gsiKDv27SrnQdA\" target=\"_blank\" rel=\"noreferrer noopener\">Avenida Carlos Pellegrini 1291 &#8211; Piso 1<br>S2000BTM &#8211; Rosario &#8211; Santa Fe &#8211; Argentina<\/a><br><br>Telefono:<br><a href=\"tel:08107772571\">0810 777 2571<\/a><br><br><a href=\"https:\/\/goo.gl\/maps\/Lh1y8EVho8NfoFtJ6\" target=\"_blank\" rel=\"noreferrer noopener\">Avenida Ingeniero Huergo 949 &#8211; Piso 8<br>C1107AOJ &#8211; Capital Federal &#8211; Argentina<\/a><br><br>Telefono:<br><a href=\"tel:01170901881\">+54 11 7090 1881<\/a><\/p><\/div>\n<\/div>\n\n\n\n<div class=\"wp-block-uagb-container uagb-block-7b12a692\">\n<div class=\"wp-block-columns is-layout-flex wp-container-core-columns-is-layout-28f84493 wp-block-columns-is-layout-flex\">\n<div class=\"wp-block-column is-layout-flow wp-block-column-is-layout-flow\" style=\"flex-basis:100%\">\t\t\t<div \n\t\t\tclass=\"wp-block-uagb-google-map uagb-google-map__wrap uagb-block-3710c01c     \"\n\t\t\tstyle=\"\" >\n\t\t\t\t<embed\n\t\t\t\t\tclass=\"uagb-google-map__iframe\"\n\t\t\t\t\ttitle=\"Mapa de Google de\"\n\t\t\t\t\tsrc=\"https:\/\/maps.google.com\/maps?q=Avenida%20Carlos%20Pellegrini%201291%2C%20Rosario%2C%20Argentina&#038;z=14&#038;hl=es&#038;t=m&#038;output=embed&#038;iwloc=near\"\n\t\t\t\t\twidth=\"640\"\n\t\t\t\t\theight=\"450\"\n\t\t\t\t\tloading=\"lazy\"\n\t\t\t\t><\/embed>\n\t\t\t<\/div>\n\t\t\t<\/div>\n<\/div>\n<\/div>\n<\/div><\/div>\n","protected":false},"excerpt":{"rendered":"<p>Nuestras actividades est\u00e1n reguladas por la Superintendencia de Servicios de Salud (SSS) y Global Empresaria S.A. se encuentra inscripta en el Registro Nacional de Prestadores bajo el Nro. RNP 1475\/2019. La cobertura ofrecida se basa en el Programa M\u00e9dico Obligatorio (PMO) ofreciendo soluciones para la gesti\u00f3n y\/o la administraci\u00f3n total o parcial de su entidad. [&hellip;]<\/p>\n","protected":false},"author":2,"featured_media":0,"parent":0,"menu_order":0,"comment_status":"closed","ping_status":"closed","template":"","meta":{"_uag_custom_page_level_css":"","site-sidebar-layout":"no-sidebar","site-content-layout":"plain-container","ast-site-content-layout":"normal-width-container","site-content-style":"unboxed","site-sidebar-style":"unboxed","ast-global-header-display":"","ast-banner-title-visibility":"","ast-main-header-display":"","ast-hfb-above-header-display":"","ast-hfb-below-header-display":"","ast-hfb-mobile-header-display":"","site-post-title":"disabled","ast-breadcrumbs-content":"disabled","ast-featured-img":"disabled","footer-sml-layout":"","ast-disable-related-posts":"","theme-transparent-header-meta":"default","adv-header-id-meta":"","stick-header-meta":"","header-above-stick-meta":"","header-main-stick-meta":"","header-below-stick-meta":"","astra-migrate-meta-layouts":"set","ast-page-background-enabled":"default","ast-page-background-meta":{"desktop":{"background-color":"var(--ast-global-color-4)","background-image":"","background-repeat":"repeat","background-position":"center center","background-size":"auto","background-attachment":"scroll","background-type":"","background-media":"","overlay-type":"","overlay-color":"","overlay-opacity":"","overlay-gradient":""},"tablet":{"background-color":"","background-image":"","background-repeat":"repeat","background-position":"center center","background-size":"auto","background-attachment":"scroll","background-type":"","background-media":"","overlay-type":"","overlay-color":"","overlay-opacity":"","overlay-gradient":""},"mobile":{"background-color":"","background-image":"","background-repeat":"repeat","background-position":"center center","background-size":"auto","background-attachment":"scroll","background-type":"","background-media":"","overlay-type":"","overlay-color":"","overlay-opacity":"","overlay-gradient":""}},"ast-content-background-meta":{"desktop":{"background-color":"var(--ast-global-color-5)","background-image":"","background-repeat":"repeat","background-position":"center center","background-size":"auto","background-attachment":"scroll","background-type":"","background-media":"","overlay-type":"","overlay-color":"","overlay-opacity":"","overlay-gradient":""},"tablet":{"background-color":"var(--ast-global-color-5)","background-image":"","background-repeat":"repeat","background-position":"center center","background-size":"auto","background-attachment":"scroll","background-type":"","background-media":"","overlay-type":"","overlay-color":"","overlay-opacity":"","overlay-gradient":""},"mobile":{"background-color":"var(--ast-global-color-5)","background-image":"","background-repeat":"repeat","background-position":"center center","background-size":"auto","background-attachment":"scroll","background-type":"","background-media":"","overlay-type":"","overlay-color":"","overlay-opacity":"","overlay-gradient":""}},"footnotes":""},"class_list":["post-8107","page","type-page","status-publish","hentry"],"uagb_featured_image_src":{"full":false,"thumbnail":false,"medium":false,"medium_large":false,"large":false,"1536x1536":false,"2048x2048":false},"uagb_author_info":{"display_name":"c2061071","author_link":"https:\/\/globalempresaria.com\/app\/author\/c2061071\/"},"uagb_comment_info":0,"uagb_excerpt":"Nuestras actividades est\u00e1n reguladas por la Superintendencia de Servicios de Salud (SSS) y Global Empresaria S.A. se encuentra inscripta en el Registro Nacional de Prestadores bajo el Nro. RNP 1475\/2019. La cobertura ofrecida se basa en el Programa M\u00e9dico Obligatorio (PMO) ofreciendo soluciones para la gesti\u00f3n y\/o la administraci\u00f3n total o parcial de su entidad.&hellip;","_links":{"self":[{"href":"https:\/\/globalempresaria.com\/app\/wp-json\/wp\/v2\/pages\/8107","targetHints":{"allow":["GET"]}}],"collection":[{"href":"https:\/\/globalempresaria.com\/app\/wp-json\/wp\/v2\/pages"}],"about":[{"href":"https:\/\/globalempresaria.com\/app\/wp-json\/wp\/v2\/types\/page"}],"author":[{"embeddable":true,"href":"https:\/\/globalempresaria.com\/app\/wp-json\/wp\/v2\/users\/2"}],"replies":[{"embeddable":true,"href":"https:\/\/globalempresaria.com\/app\/wp-json\/wp\/v2\/comments?post=8107"}],"version-history":[{"count":124,"href":"https:\/\/globalempresaria.com\/app\/wp-json\/wp\/v2\/pages\/8107\/revisions"}],"predecessor-version":[{"id":24032,"href":"https:\/\/globalempresaria.com\/app\/wp-json\/wp\/v2\/pages\/8107\/revisions\/24032"}],"wp:attachment":[{"href":"https:\/\/globalempresaria.com\/app\/wp-json\/wp\/v2\/media?parent=8107"}],"curies":[{"name":"wp","href":"https:\/\/api.w.org\/{rel}","templated":true}]}}