{"id":8219,"date":"2023-03-19T17:49:46","date_gmt":"2023-03-19T17:49:46","guid":{"rendered":"https:\/\/globalempresaria.com\/app\/?page_id=8219"},"modified":"2025-09-02T21:34:49","modified_gmt":"2025-09-02T21:34:49","slug":"servicios","status":"publish","type":"page","link":"https:\/\/globalempresaria.com\/app\/servicios\/","title":{"rendered":"servicios"},"content":{"rendered":"\n<div class=\"wp-block-cover alignfull has-parallax\" style=\"min-height:650px;aspect-ratio:unset;\"><div class=\"wp-block-cover__image-background wp-image-8223 has-parallax\" style=\"background-position:50% 50%;background-image:url(https:\/\/globalempresaria.com\/app\/wp-content\/uploads\/2023\/03\/servicios.jpg)\"><\/div><span aria-hidden=\"true\" class=\"wp-block-cover__background has-background-dim-0 has-background-dim\"><\/span><div class=\"wp-block-cover__inner-container is-layout-flow wp-block-cover-is-layout-flow\">\n<div class=\"wp-block-columns are-vertically-aligned-center is-layout-flex wp-container-core-columns-is-layout-28f84493 wp-block-columns-is-layout-flex\">\n<div class=\"wp-block-column is-vertically-aligned-center is-layout-flow wp-block-column-is-layout-flow\">\n<div class=\"wp-block-group has-ast-global-color-0-background-color has-background is-layout-flow wp-block-group-is-layout-flow\">\n<h1 class=\"wp-block-heading has-white-color has-text-color has-x-large-font-size\" style=\"font-style:normal;font-weight:900\">Servicios multidisciplinarios<\/h1>\n\n\n\n<p class=\"has-white-color has-text-color has-background\" style=\"background-color:#00a8e1;font-size:18px;font-style:normal;font-weight:500\">Nuestra excelente administraci\u00f3n, calidad, y la profesionalizaci\u00f3n en todas las \u00e1reas con el mejor recurso tecnol\u00f3gico como herramienta de gesti\u00f3n, es lo que nos lleva a ser una consultora l\u00edder. Orientamos y brindamos <strong>asesoramiento especializado<\/strong> en m\u00faltiples \u00e1reas que conforman el planeamiento de las organizaciones. <\/p>\n<\/div>\n<\/div>\n\n\n\n<div class=\"wp-block-column is-vertically-aligned-center is-layout-flow wp-block-column-is-layout-flow\"><\/div>\n<\/div>\n<\/div><\/div>\n\n\n\n<div class=\"wp-block-group alignfull has-ast-global-color-5-background-color has-background is-layout-flow wp-block-group-is-layout-flow\">\n<div class=\"wp-block-columns are-vertically-aligned-center is-layout-flex wp-container-core-columns-is-layout-28f84493 wp-block-columns-is-layout-flex\">\n<div class=\"wp-block-column is-vertically-aligned-center is-layout-flow wp-block-column-is-layout-flow\" style=\"flex-basis:25%\">\n<div class=\"wp-block-group is-layout-flow wp-block-group-is-layout-flow\">\n<h4 class=\"wp-block-heading has-text-color has-x-large-font-size\" style=\"color:#00a8e1;font-style:normal;font-weight:900\"><a href=\"https:\/\/globalempresaria.com\/app\/salud\" target=\"_blank\" rel=\"noreferrer noopener\">01<\/a><\/h4>\n\n\n\n<h3 class=\"wp-block-heading has-text-color has-medium-font-size\" style=\"color:#04498e;font-style:normal;font-weight:900\"><a href=\"https:\/\/globalempresaria.com\/app\/salud\" target=\"_blank\" rel=\"noreferrer noopener\">Servicios de salud<\/a><\/h3>\n\n\n\n<p>El liderazgo en los servicios de gesti\u00f3n de&nbsp;<strong>salud<\/strong>, es un concepto que articula la capacidad de mejorar y gestionar la prestaci\u00f3n de los servicios, con la comprensi\u00f3n del contexto, involucrando diferentes actores que tienen como fin favorecer los cambios para el beneficio del cliente y sus afiliados. El uso de la tecnolog\u00eda TICs a trav\u00e9s de software de gesti\u00f3n, nos permite obtener informaci\u00f3n en tiempo real sobre los consumos a nivel prestacional, en la b\u00fasqueda de la eficiencia en la relaci\u00f3n costo-beneficio. <\/p>\n<\/div>\n\n\n\n<div class=\"wp-block-group is-layout-flow wp-block-group-is-layout-flow\">\n<h4 class=\"wp-block-heading has-text-color has-x-large-font-size\" style=\"color:#00a8e1;font-style:normal;font-weight:900\">02<\/h4>\n\n\n\n<h3 class=\"wp-block-heading has-text-color has-medium-font-size\" style=\"color:#04498e;font-style:normal;font-weight:900\">Finanzas corporativas<\/h3>\n\n\n\n<p>Somos una empresa de referencia en el sector del asesoramiento financiero y las operaciones corporativas. Prestamos apoyo integral en las transacciones relacionadas con empresas y negocios con el objeto de obtener los mejores rendimientos sobre el capital invertido.<\/p>\n<\/div>\n<\/div>\n\n\n\n<div class=\"wp-block-column is-vertically-aligned-center is-layout-flow wp-block-column-is-layout-flow\" style=\"flex-basis:50%\">\n<figure class=\"wp-block-image alignfull size-full is-style-default\"><a href=\"https:\/\/globalempresaria.com\/app\/wp-content\/uploads\/2023\/01\/consultora.png\"><img loading=\"lazy\" decoding=\"async\" width=\"750\" height=\"886\" src=\"https:\/\/globalempresaria.com\/app\/wp-content\/uploads\/2023\/01\/consultora.png\" alt=\"\" class=\"wp-image-7207\" srcset=\"https:\/\/globalempresaria.com\/app\/wp-content\/uploads\/2023\/01\/consultora.png 750w, https:\/\/globalempresaria.com\/app\/wp-content\/uploads\/2023\/01\/consultora-254x300.png 254w\" sizes=\"auto, (max-width: 750px) 100vw, 750px\" \/><\/a><\/figure>\n<\/div>\n\n\n\n<div class=\"wp-block-column is-vertically-aligned-center is-layout-flow wp-block-column-is-layout-flow\" style=\"flex-basis:25%\">\n<div class=\"wp-block-group is-layout-flow wp-block-group-is-layout-flow\">\n<h4 class=\"wp-block-heading has-text-color has-x-large-font-size\" style=\"color:#00a8e1;font-style:normal;font-weight:900\">03<\/h4>\n\n\n\n<h3 class=\"wp-block-heading has-text-color has-medium-font-size\" style=\"color:#04498e;font-style:normal;font-weight:900\">Asesor\u00eda legal<\/h3>\n\n\n\n<p>Contamos con un equipo consolidado de abogados innovadores y profesionales, con el fin de brindar asesor\u00eda legal y soluciones jur\u00eddicas de una manera formal, responsable y especializada a quienes solicitan nuestros servicios.<\/p>\n<\/div>\n\n\n\n<div class=\"wp-block-group is-layout-flow wp-block-group-is-layout-flow\">\n<h4 class=\"wp-block-heading has-text-color has-x-large-font-size\" style=\"color:#00a8e1;font-style:normal;font-weight:900\">04<\/h4>\n\n\n\n<h3 class=\"wp-block-heading has-text-color has-medium-font-size\" style=\"color:#04498e;font-style:normal;font-weight:900\">Energ\u00eda e infraestructura<\/h3>\n\n\n\n<p>Pensamos mucho m\u00e1s all\u00e1 de la coyuntura. Es por ello que elaboramos proyectos de infraestructura, y factibilidad t\u00e9cnica y econ\u00f3mica, en Energ\u00edas Renovables que tienen una visi\u00f3n a mediano y largo plazo. En tal sentido contamos con personal altamente calificado con m\u00e1s de 20 a\u00f1os de experiencia en puestos cr\u00edticos tanto en el sector p\u00fablico como privado, en b\u00fasqueda del Desarrollo Sustentable de la sociedad en su conjunto seg\u00fan los lineamientos del Reporte GRI (Global Reporting Initiative).<\/p>\n<\/div>\n<\/div>\n<\/div>\n<\/div>\n\n\n\n<div class=\"wp-block-cover alignfull has-parallax\" style=\"min-height:650px;aspect-ratio:unset;\"><div class=\"wp-block-cover__image-background wp-image-8246 has-parallax\" style=\"background-position:50% 50%;background-image:url(https:\/\/globalempresaria.com\/app\/wp-content\/uploads\/2023\/03\/servicios2.jpg)\"><\/div><span aria-hidden=\"true\" class=\"wp-block-cover__background has-background-dim-0 has-background-dim\"><\/span><div class=\"wp-block-cover__inner-container is-layout-flow wp-block-cover-is-layout-flow\">\n<div class=\"wp-block-columns are-vertically-aligned-center is-layout-flex wp-container-core-columns-is-layout-28f84493 wp-block-columns-is-layout-flex\">\n<div class=\"wp-block-column is-layout-flow wp-block-column-is-layout-flow\">\n<div class=\"wp-block-group is-layout-constrained wp-block-group-is-layout-constrained\">\n<p class=\"has-white-color has-text-color has-large-font-size\">La informaci\u00f3n analizada correctamente genera gesti\u00f3n del conocimiento, ya que permite optimizar y aprovechar al m\u00e1ximo el resto de los recursos. Las organizaciones para mantenerse con vitalidad, deben aprender a utilizarla y administrarla para transformarse en una organizaci\u00f3n abierta al aprendizaje.<\/p>\n<\/div>\n<\/div>\n<\/div>\n<\/div><\/div>\n\n\n\n<div class=\"wp-block-uagb-container uagb-block-6081a88d alignfull uagb-is-root-container\">\n<div class=\"wp-block-uagb-container uagb-block-0e2d5722 alignfull uagb-is-root-container\"><div class=\"uagb-container-inner-blocks-wrap\">\n<div class=\"wp-block-uagb-container uagb-block-04f931b4\">\n<figure class=\"wp-block-image size-full is-style-default\"><img decoding=\"async\" src=\"https:\/\/globalempresaria.com\/app\/wp-content\/uploads\/2023\/01\/marca.png\" alt=\"\"\/><\/figure>\n<\/div>\n\n\n\n<div class=\"wp-block-uagb-container uagb-block-29bcef4e\">\n<div class=\"wp-block-uagb-advanced-heading uagb-block-f473f846\"><h2 class=\"uagb-heading-text\">MARCA REGISTRADA<\/h2><div class=\"uagb-separator\"><\/div><p class=\"uagb-desc-text\">Como parte de nuestras actividades para reforzar nuestra identidad corporativa y aumentar el posicionamiento de nuestra empresa a nivel nacional, obtuvimos el registro de nuestra marca Global Empresaria\u00ae<br>La relevancia del registro de la marca Global Empresaria\u00ae, se centra en convertir en un activo nuestro nombre, asegurando el derecho exclusivo de su uso, y adem\u00e1s aportando valor, credibilidad y confianza a las relaciones con cada uno de nuestros clientes.<br><br>Beneficios<br>Titularidad legal del nombre, y uso exclusivo de la marca.<br>Fiabilidad y confianza.<br>Protecci\u00f3n legal de nuestra marca Global Empresaria\u00ae<br>Facilitar la comercializaci\u00f3n de nuestros de servicios.<br>Consolidar nuestro prestigio e incrementar el valor de Global Empresaria\u00ae<br>Incrementar la confianza y la credibilidad de nuestros clientes y opini\u00f3n p\u00fablica en general.<\/p><\/div>\n<\/div>\n<\/div><\/div>\n<\/div>\n\n\n\n<div class=\"wp-block-uagb-container uagb-block-2e066938 alignfull uagb-is-root-container\"><div class=\"uagb-container-inner-blocks-wrap\">\n<div class=\"wp-block-uagb-container uagb-block-3fc22151\">\n<div class=\"wp-block-uagb-advanced-heading uagb-block-e394add3\"><h2 class=\"uagb-heading-text\"><img loading=\"lazy\" decoding=\"async\" width=\"150\" height=\"45\" class=\"wp-image-61\" style=\"width: 150px;\" src=\"https:\/\/globalempresaria.com\/app\/wp-content\/uploads\/2021\/06\/logoge.png\" alt=\"\" srcset=\"https:\/\/globalempresaria.com\/app\/wp-content\/uploads\/2021\/06\/logoge.png 337w, https:\/\/globalempresaria.com\/app\/wp-content\/uploads\/2021\/06\/logoge-300x89.png 300w\" sizes=\"auto, (max-width: 150px) 100vw, 150px\" \/><\/h2><p class=\"uagb-desc-text\">Somos una empresa de servicios multidisciplinarios y de salud, cuya misi\u00f3n es crear valor y contribuir al desarrollo sostenible de la sociedad, las organizaciones y poniendo especial \u00e9nfasis en las personas.<br>Estamos cerca de nuestros clientes y nos comprometemos con ellos.<br><br><strong>Contacto<\/strong><br>Email:<br><a href=\"mailto:info@globalempresaria.com\">info@globalempresaria.com<\/a><br><br><a href=\"https:\/\/goo.gl\/maps\/3u9gsiKDv27SrnQdA\" target=\"_blank\" rel=\"noreferrer noopener\">Avenida Carlos Pellegrini 1291 &#8211; Piso 1<br>S2000BTM &#8211; Rosario &#8211; Santa Fe &#8211; Argentina<\/a><br><br>Telefono:<br><a href=\"tel:08107772571\">0810 777 2571<\/a><br><br><a href=\"https:\/\/goo.gl\/maps\/Lh1y8EVho8NfoFtJ6\" target=\"_blank\" rel=\"noreferrer noopener\">Avenida Ingeniero Huergo 949 &#8211; Piso 8<br>C1107AOJ &#8211; Capital Federal &#8211; Argentina<\/a><br><br>Telefono:<br><a href=\"tel:01170901881\">+54 11 7090 1881<\/a><\/p><\/div>\n<\/div>\n\n\n\n<div class=\"wp-block-uagb-container uagb-block-5dde9220\">\t\t\t<div \n\t\t\tclass=\"wp-block-uagb-google-map uagb-google-map__wrap uagb-block-434a7788     \"\n\t\t\tstyle=\"\" >\n\t\t\t\t<embed\n\t\t\t\t\tclass=\"uagb-google-map__iframe\"\n\t\t\t\t\ttitle=\"Mapa de Google de\"\n\t\t\t\t\tsrc=\"https:\/\/maps.google.com\/maps?q=Avenida%20Carlos%20Pellegrini%201291%2C%20Rosario%2C%20Argentina&#038;z=14&#038;hl=es&#038;t=m&#038;output=embed&#038;iwloc=near\"\n\t\t\t\t\twidth=\"640\"\n\t\t\t\t\theight=\"450\"\n\t\t\t\t\tloading=\"lazy\"\n\t\t\t\t><\/embed>\n\t\t\t<\/div>\n\t\t\t<\/div>\n<\/div><\/div>\n","protected":false},"excerpt":{"rendered":"<p>01 Servicios de salud El liderazgo en los servicios de gesti\u00f3n de&nbsp;salud, es un concepto que articula la capacidad de mejorar y gestionar la prestaci\u00f3n de los servicios, con la comprensi\u00f3n del contexto, involucrando diferentes actores que tienen como fin favorecer los cambios para el beneficio del cliente y sus afiliados. El uso de la [&hellip;]<\/p>\n","protected":false},"author":2,"featured_media":0,"parent":0,"menu_order":0,"comment_status":"closed","ping_status":"closed","template":"","meta":{"_uag_custom_page_level_css":"","site-sidebar-layout":"no-sidebar","site-content-layout":"plain-container","ast-site-content-layout":"normal-width-container","site-content-style":"unboxed","site-sidebar-style":"unboxed","ast-global-header-display":"","ast-banner-title-visibility":"","ast-main-header-display":"","ast-hfb-above-header-display":"","ast-hfb-below-header-display":"","ast-hfb-mobile-header-display":"","site-post-title":"disabled","ast-breadcrumbs-content":"disabled","ast-featured-img":"disabled","footer-sml-layout":"","ast-disable-related-posts":"","theme-transparent-header-meta":"default","adv-header-id-meta":"","stick-header-meta":"","header-above-stick-meta":"","header-main-stick-meta":"","header-below-stick-meta":"","astra-migrate-meta-layouts":"set","ast-page-background-enabled":"default","ast-page-background-meta":{"desktop":{"background-color":"var(--ast-global-color-4)","background-image":"","background-repeat":"repeat","background-position":"center center","background-size":"auto","background-attachment":"scroll","background-type":"","background-media":"","overlay-type":"","overlay-color":"","overlay-opacity":"","overlay-gradient":""},"tablet":{"background-color":"","background-image":"","background-repeat":"repeat","background-position":"center center","background-size":"auto","background-attachment":"scroll","background-type":"","background-media":"","overlay-type":"","overlay-color":"","overlay-opacity":"","overlay-gradient":""},"mobile":{"background-color":"","background-image":"","background-repeat":"repeat","background-position":"center center","background-size":"auto","background-attachment":"scroll","background-type":"","background-media":"","overlay-type":"","overlay-color":"","overlay-opacity":"","overlay-gradient":""}},"ast-content-background-meta":{"desktop":{"background-color":"var(--ast-global-color-5)","background-image":"","background-repeat":"repeat","background-position":"center center","background-size":"auto","background-attachment":"scroll","background-type":"","background-media":"","overlay-type":"","overlay-color":"","overlay-opacity":"","overlay-gradient":""},"tablet":{"background-color":"var(--ast-global-color-5)","background-image":"","background-repeat":"repeat","background-position":"center center","background-size":"auto","background-attachment":"scroll","background-type":"","background-media":"","overlay-type":"","overlay-color":"","overlay-opacity":"","overlay-gradient":""},"mobile":{"background-color":"var(--ast-global-color-5)","background-image":"","background-repeat":"repeat","background-position":"center center","background-size":"auto","background-attachment":"scroll","background-type":"","background-media":"","overlay-type":"","overlay-color":"","overlay-opacity":"","overlay-gradient":""}},"footnotes":""},"class_list":["post-8219","page","type-page","status-publish","hentry"],"uagb_featured_image_src":{"full":false,"thumbnail":false,"medium":false,"medium_large":false,"large":false,"1536x1536":false,"2048x2048":false},"uagb_author_info":{"display_name":"c2061071","author_link":"https:\/\/globalempresaria.com\/app\/author\/c2061071\/"},"uagb_comment_info":0,"uagb_excerpt":"01 Servicios de salud El liderazgo en los servicios de gesti\u00f3n de&nbsp;salud, es un concepto que articula la capacidad de mejorar y gestionar la prestaci\u00f3n de los servicios, con la comprensi\u00f3n del contexto, involucrando diferentes actores que tienen como fin favorecer los cambios para el beneficio del cliente y sus afiliados. El uso de la&hellip;","_links":{"self":[{"href":"https:\/\/globalempresaria.com\/app\/wp-json\/wp\/v2\/pages\/8219","targetHints":{"allow":["GET"]}}],"collection":[{"href":"https:\/\/globalempresaria.com\/app\/wp-json\/wp\/v2\/pages"}],"about":[{"href":"https:\/\/globalempresaria.com\/app\/wp-json\/wp\/v2\/types\/page"}],"author":[{"embeddable":true,"href":"https:\/\/globalempresaria.com\/app\/wp-json\/wp\/v2\/users\/2"}],"replies":[{"embeddable":true,"href":"https:\/\/globalempresaria.com\/app\/wp-json\/wp\/v2\/comments?post=8219"}],"version-history":[{"count":36,"href":"https:\/\/globalempresaria.com\/app\/wp-json\/wp\/v2\/pages\/8219\/revisions"}],"predecessor-version":[{"id":24033,"href":"https:\/\/globalempresaria.com\/app\/wp-json\/wp\/v2\/pages\/8219\/revisions\/24033"}],"wp:attachment":[{"href":"https:\/\/globalempresaria.com\/app\/wp-json\/wp\/v2\/media?parent=8219"}],"curies":[{"name":"wp","href":"https:\/\/api.w.org\/{rel}","templated":true}]}}