{"id":8393,"date":"2023-03-19T22:53:21","date_gmt":"2023-03-19T22:53:21","guid":{"rendered":"https:\/\/globalempresaria.com\/app\/?page_id=8393"},"modified":"2025-09-02T21:24:23","modified_gmt":"2025-09-02T21:24:23","slug":"informacion-bancaria","status":"publish","type":"page","link":"https:\/\/globalempresaria.com\/app\/informacion-bancaria\/","title":{"rendered":"informacion bancaria"},"content":{"rendered":"\n<div class=\"wp-block-cover alignfull is-light has-parallax\" style=\"min-height:650px;aspect-ratio:unset;\"><div class=\"wp-block-cover__image-background wp-image-8397 has-parallax\" style=\"background-position:50% 50%;background-image:url(https:\/\/globalempresaria.com\/app\/wp-content\/uploads\/2023\/03\/notebookc.jpg)\"><\/div><span aria-hidden=\"true\" class=\"wp-block-cover__background has-background-dim-0 has-background-dim\"><\/span><div class=\"wp-block-cover__inner-container is-layout-flow wp-block-cover-is-layout-flow\">\n<div class=\"wp-block-columns are-vertically-aligned-center is-layout-flex wp-container-core-columns-is-layout-28f84493 wp-block-columns-is-layout-flex\">\n<div class=\"wp-block-column is-vertically-aligned-center is-layout-flow wp-block-column-is-layout-flow\">\n<div class=\"wp-block-group has-ast-global-color-0-background-color has-background is-layout-flow wp-block-group-is-layout-flow\">\n<div class=\"wp-block-buttons is-layout-flex wp-block-buttons-is-layout-flex\"><\/div>\n<\/div>\n<\/div>\n\n\n\n<div class=\"wp-block-column is-vertically-aligned-center is-layout-flow wp-block-column-is-layout-flow\" style=\"flex-basis:900px\">\n<div class=\"wp-block-group has-ast-global-color-4-background-color has-background is-layout-flow wp-block-group-is-layout-flow\" style=\"padding-right:var(--wp--preset--spacing--50);padding-left:var(--wp--preset--spacing--50)\">\n<h1 class=\"wp-block-heading has-text-color has-x-large-font-size\" style=\"color:#00a8e1;font-style:normal;font-weight:500\">Informaci\u00f3n bancaria<\/h1>\n\n\n<div class=\"frm_forms  with_frm_style frm_style_estilos-formidable\" id=\"frm_form_16_container\" >\n<form enctype=\"multipart\/form-data\" method=\"post\" class=\"frm-show-form  frm_pro_form \" id=\"form_datosfiscales\" >\n<div class=\"frm_form_fields \">\n<fieldset>\n<legend class=\"frm_screen_reader\">Datos Fiscales<\/legend>\r\n\r\n<div class=\"frm_fields_container\">\n<input type=\"hidden\" name=\"frm_action\" value=\"create\" \/>\n<input type=\"hidden\" name=\"form_id\" value=\"16\" \/>\n<input type=\"hidden\" name=\"frm_hide_fields_16\" id=\"frm_hide_fields_16\" value=\"\" \/>\n<input type=\"hidden\" name=\"form_key\" value=\"datosfiscales\" \/>\n<input type=\"hidden\" name=\"item_meta[0]\" value=\"\" \/>\n<input type=\"hidden\" id=\"frm_submit_entry_16\" name=\"frm_submit_entry_16\" value=\"72209f8f71\" \/><input type=\"hidden\" name=\"_wp_http_referer\" value=\"\/app\/wp-json\/wp\/v2\/pages\/8393\" \/><div id=\"frm_field_117_container\" class=\"frm_form_field form-field  frm_required_field form-group frm_top_container\">\r\n    <label for=\"field_c8v8w\" id=\"field_c8v8w_label\" class=\"frm_primary_label col-form-label form-label\">Raz\u00f3n Social\r\n        <span class=\"frm_required\" aria-hidden=\"true\">*<\/span>\r\n    <\/label>\r\n    <input  type=\"text\" id=\"field_c8v8w\" name=\"item_meta[117]\" value=\"\"  data-reqmsg=\"Este campo no puede estar en blanco.\" aria-required=\"true\" data-invmsg=\"Texto no es v\u00e1lido\" class=\"form-control\" aria-invalid=\"false\"   \/>\r\n    \r\n    \r\n<\/div>\n<div id=\"frm_field_118_container\" class=\"frm_form_field form-field  frm_required_field form-group frm_top_container\">\r\n    <label for=\"field_em8x9\" id=\"field_em8x9_label\" class=\"frm_primary_label col-form-label form-label\">CUIT\r\n        <span class=\"frm_required\" aria-hidden=\"true\">*<\/span>\r\n    <\/label>\r\n    <input type=\"number\" id=\"field_em8x9\" name=\"item_meta[118]\" value=\"\" data-reqmsg=\"Este campo no puede estar en blanco.\" aria-required=\"true\" data-invmsg=\"N\u00famero no es v\u00e1lido\" class=\"form-control\" aria-invalid=\"false\"   min=\"0\" max=\"9999999\" step=\"any\" \/>\r\n    \r\n    \r\n<\/div>\n<div id=\"frm_field_121_container\" class=\"frm_form_field form-field  frm_required_field form-group frm_top_container\">\r\n    <label for=\"field_kov5p\" id=\"field_kov5p_label\" class=\"frm_primary_label col-form-label form-label\">Domicilio Fiscal (calle)\r\n        <span class=\"frm_required\" aria-hidden=\"true\">*<\/span>\r\n    <\/label>\r\n    <input  type=\"text\" id=\"field_kov5p\" name=\"item_meta[121]\" value=\"\"  placeholder=\"Calle\" data-reqmsg=\"Este campo no puede estar en blanco.\" aria-required=\"true\" data-invmsg=\"Texto no es v\u00e1lido\" class=\"form-control\" aria-invalid=\"false\"   \/>\r\n    \r\n    \r\n<\/div>\n<div id=\"frm_field_122_container\" class=\"frm_form_field form-field  frm_required_field form-group frm_top_container frm_half\">\r\n    <label for=\"field_ckpvg\" id=\"field_ckpvg_label\" class=\"frm_primary_label col-form-label form-label\">Domicilio Fiscal (n\u00famero)\r\n        <span class=\"frm_required\" aria-hidden=\"true\">*<\/span>\r\n    <\/label>\r\n    <input  type=\"text\" id=\"field_ckpvg\" name=\"item_meta[122]\" value=\"\"  placeholder=\"N\u00famero\" data-reqmsg=\"Este campo no puede estar en blanco.\" aria-required=\"true\" data-invmsg=\"Texto no es v\u00e1lido\" class=\"form-control\" aria-invalid=\"false\"   \/>\r\n    \r\n    \r\n<\/div>\n<div id=\"frm_field_123_container\" class=\"frm_form_field form-field  form-group frm_top_container frm_half\">\r\n    <label for=\"field_b74wo\" id=\"field_b74wo_label\" class=\"frm_primary_label col-form-label form-label\">Domicilio Fiscal (piso \/ dpto.)\r\n        <span class=\"frm_required\" aria-hidden=\"true\"><\/span>\r\n    <\/label>\r\n    <input  type=\"text\" id=\"field_b74wo\" name=\"item_meta[123]\" value=\"\"  placeholder=\"Piso \/ Dpto.\" data-invmsg=\"Texto no es v\u00e1lido\" class=\"form-control\" aria-invalid=\"false\"   \/>\r\n    \r\n    \r\n<\/div>\n<div id=\"frm_field_124_container\" class=\"frm_form_field form-field  frm_required_field form-group frm_top_container\">\r\n    <label for=\"field_kqmuv\" id=\"field_kqmuv_label\" class=\"frm_primary_label col-form-label form-label\">Localidad\r\n        <span class=\"frm_required\" aria-hidden=\"true\">*<\/span>\r\n    <\/label>\r\n    <input  type=\"text\" id=\"field_kqmuv\" name=\"item_meta[124]\" value=\"\"  data-reqmsg=\"Este campo no puede estar en blanco.\" aria-required=\"true\" data-invmsg=\"Texto no es v\u00e1lido\" class=\"form-control\" aria-invalid=\"false\"   \/>\r\n    \r\n    \r\n<\/div>\n<div id=\"frm_field_126_container\" class=\"frm_form_field form-field  frm_required_field form-group frm_top_container\">\r\n    <label for=\"field_6vjaj\" id=\"field_6vjaj_label\" class=\"frm_primary_label col-form-label form-label\">Provincia\r\n        <span class=\"frm_required\" aria-hidden=\"true\">*<\/span>\r\n    <\/label>\r\n    \t\t<select name=\"item_meta[126]\" id=\"field_6vjaj\"  data-reqmsg=\"Este campo no puede estar en blanco.\" aria-required=\"true\" data-invmsg=\"Provincia no es v\u00e1lido\" class=\"form-control\" aria-invalid=\"false\"  >\n\t\t<option  value=\"\" selected='selected'> <\/option><option  value=\"Buenos Aires\">Buenos Aires<\/option><option  value=\"Capital Federal\">Capital Federal<\/option><option  value=\"Catamarca\">Catamarca<\/option><option  value=\"Chaco\">Chaco<\/option><option  value=\"Chubut\">Chubut<\/option><option  value=\"C\u00f3rdoba\">C\u00f3rdoba<\/option><option  value=\"Corrientes\">Corrientes<\/option><option  value=\"Entre R\u00edos\">Entre R\u00edos<\/option><option  value=\"Formosa\">Formosa<\/option><option  value=\"Jujuy\">Jujuy<\/option><option  value=\"La Pampa\">La Pampa<\/option><option  value=\"La Rioja\">La Rioja<\/option><option  value=\"Mendoza\">Mendoza<\/option><option  value=\"Misiones\">Misiones<\/option><option  value=\"Neuqu\u00e9n\">Neuqu\u00e9n<\/option><option  value=\"R\u00edo Negro\">R\u00edo Negro<\/option><option  value=\"Salta\">Salta<\/option><option  value=\"San Juan\">San Juan<\/option><option  value=\"San Luis\">San Luis<\/option><option  value=\"Santa Cruz\">Santa Cruz<\/option><option  value=\"Santa Fe\">Santa Fe<\/option><option  value=\"Santiago del Estero\">Santiago del Estero<\/option><option  value=\"Tierra del Fuego\">Tierra del Fuego<\/option><option  value=\"Tucum\u00e1n\">Tucum\u00e1n<\/option>\t<\/select>\n\t\r\n    \r\n    \r\n<\/div>\n<div id=\"frm_field_120_container\" class=\"frm_form_field form-field  form-group frm_top_container\">\r\n    <label for=\"field_cudg7\" id=\"field_cudg7_label\" class=\"frm_primary_label col-form-label form-label\">Subida de archivo\r\n        <span class=\"frm_required\" aria-hidden=\"true\"><\/span>\r\n    <\/label>\r\n    <input type=\"hidden\"  data-invmsg=\"Subida de archivo no es v\u00e1lido\" class=\"auto_width\" aria-invalid=\"false\"   name=\"item_meta[120]\"  value=\"\" data-frmfile=\"120\" \/>\n\n<div class=\"frm_dropzone frm_single_upload frm_clearfix\" id=\"file120_dropzone\" role=\"group\" >\n\t<div class=\"fallback\">\n\t\t<input type=\"file\" name=\"file120\" id=\"field_cudg7\"\n\t\t\t data-invmsg=\"Subida de archivo no es v\u00e1lido\" class=\"auto_width\" aria-invalid=\"false\"  \t\t\t\/>\n\t\t\t\t<div class=\"frm_clearfix \"><\/div>\n\t<\/div>\n\t<div class=\"dz-message needsclick\">\n\t\t\t\t<svg  viewBox=\"0 0 18 18\" class=\"frmsvg frm-svg-icon\">\n\t<path viewBox=\"0 0 18 18\" fill-rule=\"evenodd\" clip-rule=\"evenodd\" d=\"M8.2 4v8a.8.8 0 001.5 0V4l2.1 2.2A.7.7 0 1013 5L9.5 1.7a.7.7 0 00-1.1 0L5.1 5.2a.8.8 0 001 1l2.1-2zm7.6 4.3c.4 0 .7.3.7.7v6.8c0 .4-.3.7-.8.7H2.3a.8.8 0 01-.8-.8V9A.8.8 0 013 9v6h12V9c0-.4.3-.8.8-.8z\"><\/path>\n<\/svg>\t\t<span class=\"frm_upload_text\"><button type=\"button\" aria-label=\"Subida de archivo. Arrastra un archivo aqu\u00ed o haz clic para cargar. Tama\u00f1o m\u00e1ximo del archivo: 70MB\">Arrastra un archivo aqu\u00ed o haz clic para cargar<\/button><\/span>\n\t\t<span class=\"frm_compact_text\"><button type=\"button\" aria-label=\"Subida de archivo. Seleccionar Archivo. Tama\u00f1o m\u00e1ximo del archivo: 70MB\">Seleccionar Archivo<\/button><\/span>\n\t\t<div class=\"frm_small_text\">\n\t\t\t<p>Tama\u00f1o m\u00e1ximo del archivo: 70MB<\/p>\n\t\t<\/div>\n\t<\/div>\n<\/div>\n\t\r\n    \r\n    \r\n<\/div>\n<div id=\"frm_field_127_container\" class=\"frm_form_field form-field  form-group frm_none_container\">\r\n    <label for=\"g-recaptcha-response\" id=\"field_aqq7o_label\" class=\"frm_primary_label col-form-label form-label\">reCAPTCHA\r\n        <span class=\"frm_required\" aria-hidden=\"true\"><\/span>\r\n    <\/label>\r\n    <div  id=\"field_aqq7o\" class=\"frm-g-recaptcha\" data-sitekey=\"6LcELmkbAAAAADtHhFV_-euv5QAvAYUQDMNklZfO\" data-size=\"normal\" data-theme=\"light\"><\/div>\r\n    \r\n    \r\n<\/div>\n\t<input type=\"hidden\" name=\"item_key\" value=\"\" \/>\n\t\t\t<div id=\"frm_field_331_container\">\n\t\t\t<label for=\"field_45f5p\" >\n\t\t\t\tSi eres humano, deja este campo en blanco.\t\t\t<\/label>\n\t\t\t<input  id=\"field_45f5p\" type=\"text\" class=\"frm_form_field form-field frm_verify\" name=\"item_meta[331]\" value=\"\"  \/>\n\t\t<\/div>\n\t\t<input name=\"frm_state\" type=\"hidden\" value=\"xcrVXkzfxn7UVpfhQgk0+wBvu1TYiJd0T1RRXdoTSy7LGooFOzOpU0KQy8AXFRNj\" \/><div class=\"form-group frm_submit\">\r\n\r\n<button class=\"frm_button_submit btn btn-secondary frm_final_submit\" type=\"submit\"  >Enviar<\/button>\r\n\r\n<\/div><\/div>\n<\/fieldset>\n<\/div>\n\n<\/form>\n<\/div>\n<\/div>\n<\/div>\n<\/div>\n<\/div><\/div>\n\n\n\n<div class=\"wp-block-uagb-container uagb-block-05488208 alignfull uagb-is-root-container\"><div class=\"uagb-container-inner-blocks-wrap\">\n<div class=\"wp-block-uagb-container uagb-block-d227f5d8\">\n<div class=\"wp-block-uagb-advanced-heading uagb-block-38fd23fa\"><h2 class=\"uagb-heading-text\"><img loading=\"lazy\" decoding=\"async\" width=\"150\" height=\"45\" class=\"wp-image-61\" style=\"width: 150px;\" src=\"https:\/\/globalempresaria.com\/app\/wp-content\/uploads\/2021\/06\/logoge.png\" alt=\"\" srcset=\"https:\/\/globalempresaria.com\/app\/wp-content\/uploads\/2021\/06\/logoge.png 337w, https:\/\/globalempresaria.com\/app\/wp-content\/uploads\/2021\/06\/logoge-300x89.png 300w\" sizes=\"auto, (max-width: 150px) 100vw, 150px\" \/><\/h2><p class=\"uagb-desc-text\">Somos una empresa de servicios multidisciplinarios y de salud, cuya misi\u00f3n es crear valor y contribuir al desarrollo sostenible de la sociedad, las organizaciones y poniendo especial \u00e9nfasis en las personas.<br>Estamos cerca de nuestros clientes y nos comprometemos con ellos.<br><br><strong>Contacto<\/strong><br>Email:<br><a href=\"mailto:info@globalempresaria.com\" data-type=\"mailto\" data-id=\"mailto:info@globalempresaria.com\">info@globalempresaria.com<\/a><br><br><a href=\"https:\/\/goo.gl\/maps\/3u9gsiKDv27SrnQdA\" target=\"_blank\" rel=\"noreferrer noopener\">Avenida Carlos Pellegrini 1291 &#8211; Piso 1<br>S2000BTM &#8211; Rosario &#8211; Santa Fe &#8211; Argentina<\/a><br><br>Telefono:<br><a href=\"tel:08107772571\">0810 777 2571<\/a><br><br><a href=\"https:\/\/goo.gl\/maps\/Lh1y8EVho8NfoFtJ6\" target=\"_blank\" rel=\"noreferrer noopener\">Avenida Ingeniero Huergo 949 &#8211; Piso 8<br>C1107AOJ &#8211; Capital Federal &#8211; Argentina<\/a><br><br>Telefono:<br><a href=\"tel:01170901881\">+54 11 7090 1881<\/a><\/p><\/div>\n<\/div>\n\n\n\n<div class=\"wp-block-uagb-container uagb-block-f1b7a9d1\">\t\t\t<div \n\t\t\tclass=\"wp-block-uagb-google-map uagb-google-map__wrap uagb-block-8c301d64     \"\n\t\t\tstyle=\"\" >\n\t\t\t\t<embed\n\t\t\t\t\tclass=\"uagb-google-map__iframe\"\n\t\t\t\t\ttitle=\"Mapa de Google de\"\n\t\t\t\t\tsrc=\"https:\/\/maps.google.com\/maps?q=Avenida%20Carlos%20Pellegrini%201291%2C%20Rosario%2C%20Argentina&#038;z=14&#038;hl=es&#038;t=m&#038;output=embed&#038;iwloc=near\"\n\t\t\t\t\twidth=\"640\"\n\t\t\t\t\theight=\"450\"\n\t\t\t\t\tloading=\"lazy\"\n\t\t\t\t><\/embed>\n\t\t\t<\/div>\n\t\t\t<\/div>\n<\/div><\/div>\n","protected":false},"excerpt":{"rendered":"<p>Somos una empresa de servicios multidisciplinarios y de salud, cuya misi\u00f3n es crear valor y contribuir al desarrollo sostenible de la sociedad, las organizaciones y poniendo especial \u00e9nfasis en las personas.Estamos cerca de nuestros clientes y nos comprometemos con ellos. ContactoEmail:info@globalempresaria.com Avenida Carlos Pellegrini 1291 &#8211; Piso 1S2000BTM &#8211; Rosario &#8211; Santa Fe &#8211; Argentina [&hellip;]<\/p>\n","protected":false},"author":2,"featured_media":0,"parent":0,"menu_order":0,"comment_status":"closed","ping_status":"closed","template":"","meta":{"_uag_custom_page_level_css":"","site-sidebar-layout":"no-sidebar","site-content-layout":"plain-container","ast-site-content-layout":"normal-width-container","site-content-style":"unboxed","site-sidebar-style":"unboxed","ast-global-header-display":"","ast-banner-title-visibility":"","ast-main-header-display":"","ast-hfb-above-header-display":"","ast-hfb-below-header-display":"","ast-hfb-mobile-header-display":"","site-post-title":"disabled","ast-breadcrumbs-content":"disabled","ast-featured-img":"disabled","footer-sml-layout":"","ast-disable-related-posts":"","theme-transparent-header-meta":"default","adv-header-id-meta":"","stick-header-meta":"","header-above-stick-meta":"","header-main-stick-meta":"","header-below-stick-meta":"","astra-migrate-meta-layouts":"set","ast-page-background-enabled":"default","ast-page-background-meta":{"desktop":{"background-color":"var(--ast-global-color-4)","background-image":"","background-repeat":"repeat","background-position":"center center","background-size":"auto","background-attachment":"scroll","background-type":"","background-media":"","overlay-type":"","overlay-color":"","overlay-opacity":"","overlay-gradient":""},"tablet":{"background-color":"","background-image":"","background-repeat":"repeat","background-position":"center center","background-size":"auto","background-attachment":"scroll","background-type":"","background-media":"","overlay-type":"","overlay-color":"","overlay-opacity":"","overlay-gradient":""},"mobile":{"background-color":"","background-image":"","background-repeat":"repeat","background-position":"center center","background-size":"auto","background-attachment":"scroll","background-type":"","background-media":"","overlay-type":"","overlay-color":"","overlay-opacity":"","overlay-gradient":""}},"ast-content-background-meta":{"desktop":{"background-color":"var(--ast-global-color-5)","background-image":"","background-repeat":"repeat","background-position":"center center","background-size":"auto","background-attachment":"scroll","background-type":"","background-media":"","overlay-type":"","overlay-color":"","overlay-opacity":"","overlay-gradient":""},"tablet":{"background-color":"var(--ast-global-color-5)","background-image":"","background-repeat":"repeat","background-position":"center center","background-size":"auto","background-attachment":"scroll","background-type":"","background-media":"","overlay-type":"","overlay-color":"","overlay-opacity":"","overlay-gradient":""},"mobile":{"background-color":"var(--ast-global-color-5)","background-image":"","background-repeat":"repeat","background-position":"center center","background-size":"auto","background-attachment":"scroll","background-type":"","background-media":"","overlay-type":"","overlay-color":"","overlay-opacity":"","overlay-gradient":""}},"footnotes":""},"class_list":["post-8393","page","type-page","status-publish","hentry"],"uagb_featured_image_src":{"full":false,"thumbnail":false,"medium":false,"medium_large":false,"large":false,"1536x1536":false,"2048x2048":false},"uagb_author_info":{"display_name":"c2061071","author_link":"https:\/\/globalempresaria.com\/app\/author\/c2061071\/"},"uagb_comment_info":0,"uagb_excerpt":"Somos una empresa de servicios multidisciplinarios y de salud, cuya misi\u00f3n es crear valor y contribuir al desarrollo sostenible de la sociedad, las organizaciones y poniendo especial \u00e9nfasis en las personas.Estamos cerca de nuestros clientes y nos comprometemos con ellos. ContactoEmail:info@globalempresaria.com Avenida Carlos Pellegrini 1291 &#8211; Piso 1S2000BTM &#8211; Rosario &#8211; Santa Fe &#8211; Argentina&hellip;","_links":{"self":[{"href":"https:\/\/globalempresaria.com\/app\/wp-json\/wp\/v2\/pages\/8393","targetHints":{"allow":["GET"]}}],"collection":[{"href":"https:\/\/globalempresaria.com\/app\/wp-json\/wp\/v2\/pages"}],"about":[{"href":"https:\/\/globalempresaria.com\/app\/wp-json\/wp\/v2\/types\/page"}],"author":[{"embeddable":true,"href":"https:\/\/globalempresaria.com\/app\/wp-json\/wp\/v2\/users\/2"}],"replies":[{"embeddable":true,"href":"https:\/\/globalempresaria.com\/app\/wp-json\/wp\/v2\/comments?post=8393"}],"version-history":[{"count":9,"href":"https:\/\/globalempresaria.com\/app\/wp-json\/wp\/v2\/pages\/8393\/revisions"}],"predecessor-version":[{"id":24019,"href":"https:\/\/globalempresaria.com\/app\/wp-json\/wp\/v2\/pages\/8393\/revisions\/24019"}],"wp:attachment":[{"href":"https:\/\/globalempresaria.com\/app\/wp-json\/wp\/v2\/media?parent=8393"}],"curies":[{"name":"wp","href":"https:\/\/api.w.org\/{rel}","templated":true}]}}